{"id":15902,"date":"2025-01-09T18:46:21","date_gmt":"2025-01-09T11:46:21","guid":{"rendered":"https:\/\/iser.hueuni.edu.vn\/?page_id=15902"},"modified":"2025-01-10T14:16:19","modified_gmt":"2025-01-10T07:16:19","slug":"to-chuc-dang-doan-the","status":"publish","type":"page","link":"https:\/\/iser.hueuni.edu.vn\/?page_id=15902","title":{"rendered":"T\u1ed5 ch\u1ee9c \u0110\u1ea3ng &#8211; \u0110o\u00e0n th\u1ec3"},"content":{"rendered":"\t\t<div data-elementor-type=\"wp-page\" data-elementor-id=\"15902\" class=\"elementor elementor-15902\">\n\t\t\t\t<div class=\"elementor-element elementor-element-45b609c4 e-con-full e-flex e-con e-parent\" data-id=\"45b609c4\" data-element_type=\"container\" data-settings=\"{&quot;background_background&quot;:&quot;classic&quot;}\">\n\t\t<div class=\"elementor-element elementor-element-755d18fc e-con-full e-flex e-con e-child\" data-id=\"755d18fc\" data-element_type=\"container\">\n\t\t\t\t<div class=\"elementor-element elementor-element-c1dae4e elementor-widget elementor-widget-text-editor\" data-id=\"c1dae4e\" data-element_type=\"widget\" data-widget_type=\"text-editor.default\">\n\t\t\t\t<div class=\"elementor-widget-container\">\n\t\t\t\t\t\t\t\t\t<ul><li>T\u1ed5 ch\u1ee9c \u0110\u1ea3ng C\u1ed9ng s\u1ea3n Vi\u1ec7t Nam: Chi b\u1ed9 Vi\u1ec7n \u0111\u01b0\u1ee3c th\u00e0nh l\u1eadp theo Quy\u1ebft \u0111\u1ecbnh s\u1ed1 196-Q\u0110\/\u0110U ng\u00e0y 28\/10\/2024 c\u1ee7a \u0110\u1ea3ng \u1ee7y C\u01a1 quan \u0110\u1ea1i h\u1ecdc Hu\u1ebf. Chi b\u1ed9 c\u00f3 08 \u0111\u1ea3ng vi\u00ean ch\u00ednh th\u1ee9c. \u0110\u1ed3ng ch\u00ed Nguy\u1ec5n H\u1ed3 Lam \u0111\u01b0\u1ee3c ch\u1ec9 \u0111\u1ecbnh B\u00ed th\u01b0 Chi b\u1ed9 Vi\u1ec7n Nghi\u00ean c\u1ee9u ph\u00e1t tri\u1ec3n kinh t\u1ebf &#8211; x\u00e3 h\u1ed9i \u2013 \u0110\u1ea1i h\u1ecdc Hu\u1ebf<\/li><\/ul>\t\t\t\t\t\t\t\t<\/div>\n\t\t\t\t<\/div>\n\t\t\t\t<\/div>\n\t\t<div class=\"elementor-element elementor-element-175353d5 e-con-full e-flex e-con e-child\" data-id=\"175353d5\" data-element_type=\"container\">\n\t\t\t\t<div class=\"elementor-element elementor-element-b3b625d elementor-widget elementor-widget-image\" data-id=\"b3b625d\" data-element_type=\"widget\" data-widget_type=\"image.default\">\n\t\t\t\t<div class=\"elementor-widget-container\">\n\t\t\t\t\t\t\t\t\t\t\t\t\t\t\t<img fetchpriority=\"high\" decoding=\"async\" width=\"630\" height=\"410\" src=\"https:\/\/iser.hueuni.edu.vn\/wp-content\/uploads\/2023\/12\/alumni-box-2.jpg\" class=\"attachment-large size-large wp-image-15574\" alt=\"\" srcset=\"https:\/\/iser.hueuni.edu.vn\/wp-content\/uploads\/2023\/12\/alumni-box-2.jpg 630w, https:\/\/iser.hueuni.edu.vn\/wp-content\/uploads\/2023\/12\/alumni-box-2-300x195.jpg 300w, https:\/\/iser.hueuni.edu.vn\/wp-content\/uploads\/2023\/12\/alumni-box-2-600x390.jpg 600w\" sizes=\"(max-width: 630px) 100vw, 630px\" \/>\t\t\t\t\t\t\t\t\t\t\t\t\t\t\t<\/div>\n\t\t\t\t<\/div>\n\t\t\t\t<\/div>\n\t\t\t\t<\/div>\n\t\t<div class=\"elementor-element elementor-element-126cdb39 e-flex e-con-boxed e-con e-parent\" data-id=\"126cdb39\" data-element_type=\"container\">\n\t\t\t\t\t<div class=\"e-con-inner\">\n\t\t\t\t<div class=\"elementor-element elementor-element-4801dab0 elementor-widget elementor-widget-text-editor\" data-id=\"4801dab0\" data-element_type=\"widget\" data-widget_type=\"text-editor.default\">\n\t\t\t\t<div class=\"elementor-widget-container\">\n\t\t\t\t\t\t\t\t\t<ul><li>T\u1ed5 ch\u1ee9c C\u00f4ng \u0111o\u00e0n : C\u00f4ng \u0111o\u00e0n c\u01a1 s\u1edf Vi\u1ec7n \u0111\u01b0\u1ee3c th\u00e0nh l\u1eadp theo Quy\u1ebft \u0111\u1ecbnh s\u1ed1 257\/Q\u0110-C\u0110 ng\u00e0y 02\/01\/2025 c\u1ee7a C\u00f4ng \u0111o\u00e0n \u0110\u1ea1i h\u1ecdc Hu\u1ebf.<\/li><\/ul>\t\t\t\t\t\t\t\t<\/div>\n\t\t\t\t<\/div>\n\t\t\t\t\t<\/div>\n\t\t\t\t<\/div>\n\t\t\t\t<section class=\"elementor-section elementor-top-section elementor-element elementor-element-113868b7 elementor-section-stretched elementor-section-boxed elementor-section-height-default elementor-section-height-default\" data-id=\"113868b7\" data-element_type=\"section\" data-settings=\"{&quot;stretch_section&quot;:&quot;section-stretched&quot;}\">\n\t\t\t\t\t\t<div class=\"elementor-container elementor-column-gap-custom\">\n\t\t\t\t\t<div class=\"elementor-column elementor-col-100 elementor-top-column elementor-element elementor-element-274c1783\" data-id=\"274c1783\" data-element_type=\"column\">\n\t\t\t<div class=\"elementor-widget-wrap elementor-element-populated\">\n\t\t\t\t\t\t<div class=\"elementor-element elementor-element-df3f67a elementor-widget elementor-widget-heading\" data-id=\"df3f67a\" data-element_type=\"widget\" data-widget_type=\"heading.default\">\n\t\t\t\t<div class=\"elementor-widget-container\">\n\t\t\t\t\t<h4 class=\"elementor-heading-title elementor-size-default\">Ch\u1ecb b\u1ed9 Vi\u1ec7n: (\u0111ang c\u1eadp nh\u1eadt...)<\/h4>\t\t\t\t<\/div>\n\t\t\t\t<\/div>\n\t\t\t\t<div class=\"elementor-element elementor-element-608afb78 thim-ekit-team-default elementor-widget elementor-widget-thim-ekits-team\" data-id=\"608afb78\" data-element_type=\"widget\" data-settings=\"{&quot;row_gap&quot;:{&quot;unit&quot;:&quot;px&quot;,&quot;size&quot;:30,&quot;sizes&quot;:[]},&quot;row_gap_tablet&quot;:{&quot;unit&quot;:&quot;px&quot;,&quot;size&quot;:&quot;&quot;,&quot;sizes&quot;:[]},&quot;row_gap_mobile_extra&quot;:{&quot;unit&quot;:&quot;px&quot;,&quot;size&quot;:&quot;&quot;,&quot;sizes&quot;:[]},&quot;row_gap_mobile&quot;:{&quot;unit&quot;:&quot;px&quot;,&quot;size&quot;:&quot;&quot;,&quot;sizes&quot;:[]}}\" data-widget_type=\"thim-ekits-team.default\">\n\t\t\t\t<div class=\"elementor-widget-container\">\n\t\t\t\t\t\n\t\t<div class=\"thim-ekit-team\">\n\t\t\t<div class=\"thim-ekit-team__inner\">\n\t\t\t\t\t\t\t\t\t\t<div class=\"thim-ekit-team__article post-15902 page type-page status-publish hentry\">\n\t\t\t\t\t\t\t\t\t<div class=\"thim-ekit-team__thumbnail\">\n\t\t\t\t\t\t<div class=\"thim-ekit-team__image\">\n\t\t\t\t<img decoding=\"async\" width=\"300\" height=\"300\" src=\"https:\/\/iser.hueuni.edu.vn\/wp-content\/uploads\/2023\/12\/man-6.jpg\" class=\"attachment-full size-full wp-image-15180\" alt=\"\" srcset=\"https:\/\/iser.hueuni.edu.vn\/wp-content\/uploads\/2023\/12\/man-6.jpg 300w, https:\/\/iser.hueuni.edu.vn\/wp-content\/uploads\/2023\/12\/man-6-150x150.jpg 150w, https:\/\/iser.hueuni.edu.vn\/wp-content\/uploads\/2023\/12\/man-6-100x100.jpg 100w\" sizes=\"(max-width: 300px) 100vw, 300px\" \/>\t\t\t<\/div>\n\t\t\t\t\t\t<div class=\"thim-ekit-team__list-social\"><div class=\"thim-ekit-team__social\"><a href=\"#\" target=\"_blank\"><i class=\"fab fa-facebook-f\" aria-hidden=\"true\"><\/i><\/a>\n\t\t\t\t<\/div><div class=\"thim-ekit-team__social\"><a href=\"#\" target=\"_blank\"><i class=\"fab fa-youtube\" aria-hidden=\"true\"><\/i><\/a>\n\t\t\t\t<\/div><div class=\"thim-ekit-team__social\"><a href=\"#\" target=\"_blank\" rel=\"nofollow\"><i class=\"tk-x-twitter\" aria-hidden=\"true\"><\/i><\/a>\n\t\t\t\t<\/div><\/div>\t\t<\/div>\n\t\t\t\t<div class=\"thim-ekit-team__content\">\n\t\t<div class=\"thim-ekit-team__member-name\">PGS.TS. Nguy\u1ec5n H\u1ed3 Lam<\/div>\t\t\t<div class=\"thim-ekit-team__member-position\">\n\t\t\t\tPh\u00f3 Vi\u1ec7n tr\u01b0\u1edfng Ph\u1ee5 tr\u00e1ch\t\t\t<\/div>\n\t\t\t\t\t<\/div>\n\t\t\t\t\t\t\t\t<\/div>\n\t\t\t\t\t\t\t\t\t\t\t\t<div class=\"thim-ekit-team__article post-15902 page type-page status-publish hentry\">\n\t\t\t\t\t\t\t\t\t<div class=\"thim-ekit-team__thumbnail\">\n\t\t\t\t\t\t<div class=\"thim-ekit-team__image\">\n\t\t\t\t<img decoding=\"async\" width=\"300\" height=\"300\" src=\"https:\/\/iser.hueuni.edu.vn\/wp-content\/uploads\/2023\/12\/man-1.jpg\" class=\"attachment-full size-full wp-image-15184\" alt=\"\" srcset=\"https:\/\/iser.hueuni.edu.vn\/wp-content\/uploads\/2023\/12\/man-1.jpg 300w, https:\/\/iser.hueuni.edu.vn\/wp-content\/uploads\/2023\/12\/man-1-150x150.jpg 150w, https:\/\/iser.hueuni.edu.vn\/wp-content\/uploads\/2023\/12\/man-1-100x100.jpg 100w\" sizes=\"(max-width: 300px) 100vw, 300px\" \/>\t\t\t<\/div>\n\t\t\t\t\t\t<div class=\"thim-ekit-team__list-social\"><div class=\"thim-ekit-team__social\"><a href=\"#\" target=\"_blank\"><i class=\"fab fa-facebook-f\" aria-hidden=\"true\"><\/i><\/a>\n\t\t\t\t<\/div><div class=\"thim-ekit-team__social\"><a href=\"#\" target=\"_blank\"><i class=\"fab fa-youtube\" aria-hidden=\"true\"><\/i><\/a>\n\t\t\t\t<\/div><div class=\"thim-ekit-team__social\"><a href=\"#\" target=\"_blank\" rel=\"nofollow\"><i class=\"tk-x-twitter\" aria-hidden=\"true\"><\/i><\/a>\n\t\t\t\t<\/div><\/div>\t\t<\/div>\n\t\t\t\t<div class=\"thim-ekit-team__content\">\n\t\t<div class=\"thim-ekit-team__member-name\">CN. D\u01b0\u01a1ng V\u0103n Khoa<\/div>\t\t\t<div class=\"thim-ekit-team__member-position\">\n\t\t\t\tT\u1ed5 tr\u01b0\u1edfng\t\t\t<\/div>\n\t\t\t\t\t<\/div>\n\t\t\t\t\t\t\t\t<\/div>\n\t\t\t\t\t\t\t\t\t\t\t\t<div class=\"thim-ekit-team__article post-15902 page type-page status-publish hentry\">\n\t\t\t\t\t\t\t\t\t<div class=\"thim-ekit-team__thumbnail\">\n\t\t\t\t\t\t<div class=\"thim-ekit-team__image\">\n\t\t\t\t<img loading=\"lazy\" decoding=\"async\" width=\"300\" height=\"300\" src=\"https:\/\/iser.hueuni.edu.vn\/wp-content\/uploads\/2023\/12\/woman-2.jpg\" class=\"attachment-full size-full wp-image-15185\" alt=\"\" srcset=\"https:\/\/iser.hueuni.edu.vn\/wp-content\/uploads\/2023\/12\/woman-2.jpg 300w, https:\/\/iser.hueuni.edu.vn\/wp-content\/uploads\/2023\/12\/woman-2-150x150.jpg 150w, https:\/\/iser.hueuni.edu.vn\/wp-content\/uploads\/2023\/12\/woman-2-100x100.jpg 100w\" sizes=\"(max-width: 300px) 100vw, 300px\" \/>\t\t\t<\/div>\n\t\t\t\t\t\t<div class=\"thim-ekit-team__list-social\"><div class=\"thim-ekit-team__social\"><a href=\"#\" target=\"_blank\"><i class=\"fab fa-facebook-f\" aria-hidden=\"true\"><\/i><\/a>\n\t\t\t\t<\/div><div class=\"thim-ekit-team__social\"><a href=\"#\" target=\"_blank\"><i class=\"fab fa-youtube\" aria-hidden=\"true\"><\/i><\/a>\n\t\t\t\t<\/div><div class=\"thim-ekit-team__social\"><a href=\"#\" target=\"_blank\" rel=\"nofollow\"><i class=\"tk-x-twitter\" aria-hidden=\"true\"><\/i><\/a>\n\t\t\t\t<\/div><\/div>\t\t<\/div>\n\t\t\t\t<div class=\"thim-ekit-team__content\">\n\t\t<div class=\"thim-ekit-team__member-name\">ThS. Tr\u1ea7n \u0110\u1eb7ng B\u1ea3o Thuy\u00ean<\/div>\t\t\t<div class=\"thim-ekit-team__member-position\">\n\t\t\t\tT\u1ed5 ph\u00f3\t\t\t<\/div>\n\t\t\t\t\t<\/div>\n\t\t\t\t\t\t\t\t<\/div>\n\t\t\t\t\t\t\t\t\t\t\t\t<div class=\"thim-ekit-team__article post-15902 page type-page status-publish hentry\">\n\t\t\t\t\t\t\t\t\t<div class=\"thim-ekit-team__thumbnail\">\n\t\t\t\t\t\t<div class=\"thim-ekit-team__image\">\n\t\t\t\t<img loading=\"lazy\" decoding=\"async\" width=\"300\" height=\"300\" src=\"https:\/\/iser.hueuni.edu.vn\/wp-content\/uploads\/2023\/12\/woman-3.jpg\" class=\"attachment-full size-full wp-image-15183\" alt=\"\" srcset=\"https:\/\/iser.hueuni.edu.vn\/wp-content\/uploads\/2023\/12\/woman-3.jpg 300w, https:\/\/iser.hueuni.edu.vn\/wp-content\/uploads\/2023\/12\/woman-3-150x150.jpg 150w, https:\/\/iser.hueuni.edu.vn\/wp-content\/uploads\/2023\/12\/woman-3-100x100.jpg 100w\" sizes=\"(max-width: 300px) 100vw, 300px\" \/>\t\t\t<\/div>\n\t\t\t\t\t\t<div class=\"thim-ekit-team__list-social\"><div class=\"thim-ekit-team__social\"><a href=\"#\" target=\"_blank\"><i class=\"fab fa-facebook-f\" aria-hidden=\"true\"><\/i><\/a>\n\t\t\t\t<\/div><div class=\"thim-ekit-team__social\"><a href=\"#\" target=\"_blank\"><i class=\"fab fa-youtube\" aria-hidden=\"true\"><\/i><\/a>\n\t\t\t\t<\/div><div class=\"thim-ekit-team__social\"><a href=\"#\" target=\"_blank\" rel=\"nofollow\"><i class=\"tk-x-twitter\" aria-hidden=\"true\"><\/i><\/a>\n\t\t\t\t<\/div><\/div>\t\t<\/div>\n\t\t\t\t<div class=\"thim-ekit-team__content\">\n\t\t<div class=\"thim-ekit-team__member-name\">CN. Th\u00e2n Th\u1ecb M\u1ef9 Linh<\/div>\t\t\t<div class=\"thim-ekit-team__member-position\">\n\t\t\t\tK\u1ebf to\u00e1n\t\t\t<\/div>\n\t\t\t\t\t<\/div>\n\t\t\t\t\t\t\t\t<\/div>\n\t\t\t\t\t\t\t\t\t\t\t\t<div class=\"thim-ekit-team__article post-15902 page type-page status-publish hentry\">\n\t\t\t\t\t\t\t\t\t<div class=\"thim-ekit-team__thumbnail\">\n\t\t\t\t\t\t<div class=\"thim-ekit-team__image\">\n\t\t\t\t<img loading=\"lazy\" decoding=\"async\" width=\"300\" height=\"300\" src=\"https:\/\/iser.hueuni.edu.vn\/wp-content\/uploads\/2023\/12\/man-2.jpg\" class=\"attachment-full size-full wp-image-15182\" alt=\"\" srcset=\"https:\/\/iser.hueuni.edu.vn\/wp-content\/uploads\/2023\/12\/man-2.jpg 300w, https:\/\/iser.hueuni.edu.vn\/wp-content\/uploads\/2023\/12\/man-2-150x150.jpg 150w, https:\/\/iser.hueuni.edu.vn\/wp-content\/uploads\/2023\/12\/man-2-100x100.jpg 100w\" sizes=\"(max-width: 300px) 100vw, 300px\" \/>\t\t\t<\/div>\n\t\t\t\t\t\t<div class=\"thim-ekit-team__list-social\"><div class=\"thim-ekit-team__social\"><a href=\"#\" target=\"_blank\"><i class=\"fab fa-facebook-f\" aria-hidden=\"true\"><\/i><\/a>\n\t\t\t\t<\/div><div class=\"thim-ekit-team__social\"><a href=\"#\" target=\"_blank\"><i class=\"fab fa-youtube\" aria-hidden=\"true\"><\/i><\/a>\n\t\t\t\t<\/div><div class=\"thim-ekit-team__social\"><a href=\"#\" target=\"_blank\" rel=\"nofollow\"><i class=\"tk-x-twitter\" aria-hidden=\"true\"><\/i><\/a>\n\t\t\t\t<\/div><\/div>\t\t<\/div>\n\t\t\t\t<div class=\"thim-ekit-team__content\">\n\t\t<div class=\"thim-ekit-team__member-name\">CN. Nguy\u1ec5n Kh\u1eafc Qu\u00ed<\/div>\t\t\t<div class=\"thim-ekit-team__member-position\">\n\t\t\t\tNh\u00e2n vi\u00ean\t\t\t<\/div>\n\t\t\t\t\t<\/div>\n\t\t\t\t\t\t\t\t<\/div>\n\t\t\t\t\t\t\t\t\t\t\t\t<div class=\"thim-ekit-team__article post-15902 page type-page status-publish hentry\">\n\t\t\t\t\t\t\t\t\t<div class=\"thim-ekit-team__thumbnail\">\n\t\t\t\t\t\t<div class=\"thim-ekit-team__image\">\n\t\t\t\t<img loading=\"lazy\" decoding=\"async\" width=\"300\" height=\"300\" src=\"https:\/\/iser.hueuni.edu.vn\/wp-content\/uploads\/2023\/12\/man-3.jpg\" class=\"attachment-full size-full wp-image-15177\" alt=\"\" srcset=\"https:\/\/iser.hueuni.edu.vn\/wp-content\/uploads\/2023\/12\/man-3.jpg 300w, https:\/\/iser.hueuni.edu.vn\/wp-content\/uploads\/2023\/12\/man-3-150x150.jpg 150w, https:\/\/iser.hueuni.edu.vn\/wp-content\/uploads\/2023\/12\/man-3-100x100.jpg 100w\" sizes=\"(max-width: 300px) 100vw, 300px\" \/>\t\t\t<\/div>\n\t\t\t\t\t\t<div class=\"thim-ekit-team__list-social\"><div class=\"thim-ekit-team__social\"><a href=\"#\" target=\"_blank\"><i class=\"fab fa-facebook-f\" aria-hidden=\"true\"><\/i><\/a>\n\t\t\t\t<\/div><div class=\"thim-ekit-team__social\"><a href=\"#\" target=\"_blank\"><i class=\"fab fa-youtube\" aria-hidden=\"true\"><\/i><\/a>\n\t\t\t\t<\/div><div class=\"thim-ekit-team__social\"><a href=\"#\" target=\"_blank\" rel=\"nofollow\"><i class=\"tk-x-twitter\" aria-hidden=\"true\"><\/i><\/a>\n\t\t\t\t<\/div><\/div>\t\t<\/div>\n\t\t\t\t<div class=\"thim-ekit-team__content\">\n\t\t<div class=\"thim-ekit-team__member-name\">H\u1ed3 V\u0103n Nam<\/div>\t\t\t<div class=\"thim-ekit-team__member-position\">\n\t\t\t\tNh\u00e2n vi\u00ean\t\t\t<\/div>\n\t\t\t\t\t<\/div>\n\t\t\t\t\t\t\t\t<\/div>\n\t\t\t\t\t\t\t\t\t<\/div>\n\t\t<\/div>\n\n\t\t\t\t\t\t<\/div>\n\t\t\t\t<\/div>\n\t\t\t\t\t<\/div>\n\t\t<\/div>\n\t\t\t\t\t<\/div>\n\t\t<\/section>\n\t\t\t\t<\/div>\n\t\t","protected":false},"excerpt":{"rendered":"<p>T\u1ed5 ch\u1ee9c \u0110\u1ea3ng C\u1ed9ng s\u1ea3n Vi\u1ec7t Nam: Chi b\u1ed9 Vi\u1ec7n \u0111\u01b0\u1ee3c th\u00e0nh l\u1eadp theo Quy\u1ebft \u0111\u1ecbnh s\u1ed1 196-Q\u0110\/\u0110U ng\u00e0y 28\/10\/2024 c\u1ee7a \u0110\u1ea3ng \u1ee7y C\u01a1 quan \u0110\u1ea1i h\u1ecdc Hu\u1ebf. Chi b\u1ed9 c\u00f3 08 \u0111\u1ea3ng vi\u00ean ch\u00ednh th\u1ee9c. \u0110\u1ed3ng ch\u00ed Nguy\u1ec5n H\u1ed3 &hellip; <\/p>\n","protected":false},"author":1,"featured_media":0,"parent":0,"menu_order":0,"comment_status":"closed","ping_status":"closed","template":"","meta":{"footnotes":""},"class_list":["post-15902","page","type-page","status-publish","hentry"],"_links":{"self":[{"href":"https:\/\/iser.hueuni.edu.vn\/index.php?rest_route=\/wp\/v2\/pages\/15902","targetHints":{"allow":["GET"]}}],"collection":[{"href":"https:\/\/iser.hueuni.edu.vn\/index.php?rest_route=\/wp\/v2\/pages"}],"about":[{"href":"https:\/\/iser.hueuni.edu.vn\/index.php?rest_route=\/wp\/v2\/types\/page"}],"author":[{"embeddable":true,"href":"https:\/\/iser.hueuni.edu.vn\/index.php?rest_route=\/wp\/v2\/users\/1"}],"replies":[{"embeddable":true,"href":"https:\/\/iser.hueuni.edu.vn\/index.php?rest_route=%2Fwp%2Fv2%2Fcomments&post=15902"}],"version-history":[{"count":10,"href":"https:\/\/iser.hueuni.edu.vn\/index.php?rest_route=\/wp\/v2\/pages\/15902\/revisions"}],"predecessor-version":[{"id":15925,"href":"https:\/\/iser.hueuni.edu.vn\/index.php?rest_route=\/wp\/v2\/pages\/15902\/revisions\/15925"}],"wp:attachment":[{"href":"https:\/\/iser.hueuni.edu.vn\/index.php?rest_route=%2Fwp%2Fv2%2Fmedia&parent=15902"}],"curies":[{"name":"wp","href":"https:\/\/api.w.org\/{rel}","templated":true}]}}