{"id":15880,"date":"2025-01-09T17:17:42","date_gmt":"2025-01-09T10:17:42","guid":{"rendered":"https:\/\/iser.hueuni.edu.vn\/?page_id=15880"},"modified":"2025-01-09T17:40:11","modified_gmt":"2025-01-09T10:40:11","slug":"trung-tam-tai-nguyen-va-moi-truong","status":"publish","type":"page","link":"https:\/\/iser.hueuni.edu.vn\/?page_id=15880","title":{"rendered":"Trung t\u00e2m T\u00e0i nguy\u00ean v\u00e0 M\u00f4i tr\u01b0\u1eddng"},"content":{"rendered":"\t\t<div data-elementor-type=\"wp-page\" data-elementor-id=\"15880\" class=\"elementor elementor-15880\">\n\t\t\t\t<div class=\"elementor-element elementor-element-3e065a6 e-con-full e-flex e-con e-parent\" data-id=\"3e065a6\" data-element_type=\"container\" data-settings=\"{&quot;background_background&quot;:&quot;classic&quot;}\">\n\t\t<div class=\"elementor-element elementor-element-4249e745 e-con-full e-flex e-con e-child\" data-id=\"4249e745\" data-element_type=\"container\">\n\t\t\t\t<div class=\"elementor-element elementor-element-1e36b330 elementor-widget elementor-widget-text-editor\" data-id=\"1e36b330\" data-element_type=\"widget\" data-widget_type=\"text-editor.default\">\n\t\t\t\t<div class=\"elementor-widget-container\">\n\t\t\t\t\t\t\t\t\t<p><strong>1. Ch\u1ee9c n\u0103ng:<\/strong> Tham m\u01b0u gi\u00fap Vi\u1ec7n tr\u01b0\u1edfng th\u1ef1c hi\u1ec7n ch\u1ee9c n\u0103ng nghi\u00ean c\u1ee9u, \u0111\u00e0o t\u1ea1o ng\u1eafn h\u1ea1n, b\u1ed3i d\u01b0\u1ee1ng v\u00e0 cung \u1ee9ng nh\u1eefng d\u1ecbch v\u1ee5 t\u01b0 v\u1ea5n \u0111\u1ed1i v\u1edbi c\u00e1c l\u0129nh v\u1ef1c b\u1ea3o t\u1ed3n t\u00e0i nguy\u00ean, qu\u1ea3n l\u00fd m\u00f4i tr\u01b0\u1eddng, bi\u1ebfn \u0111\u1ed5i kh\u00ed h\u1eadu, n\u00f4ng nghi\u1ec7p &#8211; n\u00f4ng th\u00f4n.<\/p>\t\t\t\t\t\t\t\t<\/div>\n\t\t\t\t<\/div>\n\t\t\t\t<\/div>\n\t\t<div class=\"elementor-element elementor-element-1ee18848 e-con-full e-flex e-con e-child\" data-id=\"1ee18848\" data-element_type=\"container\">\n\t\t\t\t<div class=\"elementor-element elementor-element-1eb38000 elementor-widget elementor-widget-image\" data-id=\"1eb38000\" data-element_type=\"widget\" data-widget_type=\"image.default\">\n\t\t\t\t<div class=\"elementor-widget-container\">\n\t\t\t\t\t\t\t\t\t\t\t\t\t\t\t<img fetchpriority=\"high\" decoding=\"async\" width=\"630\" height=\"410\" src=\"https:\/\/iser.hueuni.edu.vn\/wp-content\/uploads\/2023\/12\/alumni-box-2.jpg\" class=\"attachment-large size-large wp-image-15574\" alt=\"\" srcset=\"https:\/\/iser.hueuni.edu.vn\/wp-content\/uploads\/2023\/12\/alumni-box-2.jpg 630w, https:\/\/iser.hueuni.edu.vn\/wp-content\/uploads\/2023\/12\/alumni-box-2-300x195.jpg 300w, https:\/\/iser.hueuni.edu.vn\/wp-content\/uploads\/2023\/12\/alumni-box-2-600x390.jpg 600w\" sizes=\"(max-width: 630px) 100vw, 630px\" \/>\t\t\t\t\t\t\t\t\t\t\t\t\t\t\t<\/div>\n\t\t\t\t<\/div>\n\t\t\t\t<\/div>\n\t\t\t\t<\/div>\n\t\t<div class=\"elementor-element elementor-element-62394f77 e-flex e-con-boxed e-con e-parent\" data-id=\"62394f77\" data-element_type=\"container\">\n\t\t\t\t\t<div class=\"e-con-inner\">\n\t\t\t\t<div class=\"elementor-element elementor-element-7c9213c7 elementor-widget elementor-widget-text-editor\" data-id=\"7c9213c7\" data-element_type=\"widget\" data-widget_type=\"text-editor.default\">\n\t\t\t\t<div class=\"elementor-widget-container\">\n\t\t\t\t\t\t\t\t\t<p><strong>2. Nhi\u1ec7m v\u1ee5:<\/strong><\/p><p>a) Nghi\u00ean c\u1ee9u khoa h\u1ecdc v\u00e0 chuy\u1ec3n giao c\u00f4ng ngh\u1ec7 thu\u1ed9c c\u00e1c l\u0129nh v\u1ef1c t\u00e0i nguy\u00ean v\u00e0 m\u00f4i tr\u01b0\u1eddng, n\u00f4ng nghi\u1ec7p &#8211; n\u00f4ng th\u00f4n v\u00e0o s\u1ea3n xu\u1ea5t v\u00e0 \u0111\u1eddi s\u1ed1ng.<\/p><p>b) T\u01b0 v\u1ea5n x\u00e2y d\u1ef1ng, ph\u1ed1i h\u1ee3p th\u1ea9m \u0111\u1ecbnh c\u00e1c d\u1ef1 \u00e1n trong l\u0129nh v\u1ef1c t\u00e0i nguy\u00ean v\u00e0 m\u00f4i tr\u01b0\u1eddng, n\u00f4ng nghi\u1ec7p &#8211; n\u00f4ng th\u00f4n.<\/p><p>c) Th\u1ef1c hi\u1ec7n ho\u1ea1t \u0111\u1ed9ng d\u1ecbch v\u1ee5 quan tr\u1eafc m\u00f4i tr\u01b0\u1eddng, s\u1ea3n xu\u1ea5t, kinh doanh trong ph\u1ea1m vi ch\u1ee9c n\u0103ng, nhi\u1ec7m v\u1ee5 \u0111\u01b0\u1ee3c giao v\u00e0 theo quy \u0111\u1ecbnh c\u1ee7a ph\u00e1p lu\u1eadt.<\/p><p>d) H\u1ee3p t\u00e1c nghi\u00ean c\u1ee9u khoa h\u1ecdc, li\u00ean k\u1ebft, \u0111\u1ea7u t\u01b0 th\u1eed nghi\u1ec7m, ph\u00e1t tri\u1ec3n k\u1ef9 thu\u1eadt, d\u1ecbch v\u1ee5 khoa h\u1ecdc v\u00e0 c\u00f4ng ngh\u1ec7 m\u00f4i tr\u01b0\u1eddng.<\/p><p>\u0111) T\u1ed5 ch\u1ee9c h\u1ed9i ngh\u1ecb, h\u1ed9i th\u1ea3o khoa h\u1ecdc, c\u00e1c ho\u1ea1t \u0111\u1ed9ng t\u1eadp hu\u1ea5n, \u0111\u00e0o t\u1ea1o ng\u1eafn h\u1ea1n, b\u1ed3i d\u01b0\u1ee1ng v\u1ec1 l\u0129nh v\u1ef1c t\u00e0i nguy\u00ean v\u00e0 m\u00f4i tr\u01b0\u1eddng, n\u00f4ng nghi\u1ec7p &#8211; n\u00f4ng th\u00f4n theo quy \u0111\u1ecbnh c\u1ee7a ph\u00e1p lu\u1eadt.<\/p>\t\t\t\t\t\t\t\t<\/div>\n\t\t\t\t<\/div>\n\t\t\t\t\t<\/div>\n\t\t\t\t<\/div>\n\t\t\t\t<section class=\"elementor-section elementor-top-section elementor-element elementor-element-7bddf4ba elementor-section-stretched elementor-section-boxed elementor-section-height-default elementor-section-height-default\" data-id=\"7bddf4ba\" data-element_type=\"section\" data-settings=\"{&quot;stretch_section&quot;:&quot;section-stretched&quot;}\">\n\t\t\t\t\t\t<div class=\"elementor-container elementor-column-gap-custom\">\n\t\t\t\t\t<div class=\"elementor-column elementor-col-100 elementor-top-column elementor-element elementor-element-1a07c9fb\" data-id=\"1a07c9fb\" data-element_type=\"column\">\n\t\t\t<div class=\"elementor-widget-wrap elementor-element-populated\">\n\t\t\t\t\t\t<div class=\"elementor-element elementor-element-20e4fd65 elementor-widget elementor-widget-heading\" data-id=\"20e4fd65\" data-element_type=\"widget\" data-widget_type=\"heading.default\">\n\t\t\t\t<div class=\"elementor-widget-container\">\n\t\t\t\t\t<h4 class=\"elementor-heading-title elementor-size-default\">3. \u0110\u1ed9i ng\u0169:<\/h4>\t\t\t\t<\/div>\n\t\t\t\t<\/div>\n\t\t\t\t<div class=\"elementor-element elementor-element-5de15785 thim-ekit-team-default elementor-widget elementor-widget-thim-ekits-team\" data-id=\"5de15785\" data-element_type=\"widget\" data-settings=\"{&quot;row_gap&quot;:{&quot;unit&quot;:&quot;px&quot;,&quot;size&quot;:30,&quot;sizes&quot;:[]},&quot;row_gap_tablet&quot;:{&quot;unit&quot;:&quot;px&quot;,&quot;size&quot;:&quot;&quot;,&quot;sizes&quot;:[]},&quot;row_gap_mobile_extra&quot;:{&quot;unit&quot;:&quot;px&quot;,&quot;size&quot;:&quot;&quot;,&quot;sizes&quot;:[]},&quot;row_gap_mobile&quot;:{&quot;unit&quot;:&quot;px&quot;,&quot;size&quot;:&quot;&quot;,&quot;sizes&quot;:[]}}\" data-widget_type=\"thim-ekits-team.default\">\n\t\t\t\t<div class=\"elementor-widget-container\">\n\t\t\t\t\t\n\t\t<div class=\"thim-ekit-team\">\n\t\t\t<div class=\"thim-ekit-team__inner\">\n\t\t\t\t\t\t\t\t\t\t<div class=\"thim-ekit-team__article post-15880 page type-page status-publish hentry\">\n\t\t\t\t\t\t\t\t\t<div class=\"thim-ekit-team__thumbnail\">\n\t\t\t\t\t\t<div class=\"thim-ekit-team__image\">\n\t\t\t\t<img decoding=\"async\" width=\"300\" height=\"300\" src=\"https:\/\/iser.hueuni.edu.vn\/wp-content\/uploads\/2023\/12\/man-6.jpg\" class=\"attachment-full size-full wp-image-15180\" alt=\"\" srcset=\"https:\/\/iser.hueuni.edu.vn\/wp-content\/uploads\/2023\/12\/man-6.jpg 300w, https:\/\/iser.hueuni.edu.vn\/wp-content\/uploads\/2023\/12\/man-6-150x150.jpg 150w, https:\/\/iser.hueuni.edu.vn\/wp-content\/uploads\/2023\/12\/man-6-100x100.jpg 100w\" sizes=\"(max-width: 300px) 100vw, 300px\" \/>\t\t\t<\/div>\n\t\t\t\t\t\t<div class=\"thim-ekit-team__list-social\"><div class=\"thim-ekit-team__social\"><a href=\"#\" target=\"_blank\"><i class=\"fab fa-facebook-f\" aria-hidden=\"true\"><\/i><\/a>\n\t\t\t\t<\/div><div class=\"thim-ekit-team__social\"><a href=\"#\" target=\"_blank\"><i class=\"fab fa-youtube\" aria-hidden=\"true\"><\/i><\/a>\n\t\t\t\t<\/div><div class=\"thim-ekit-team__social\"><a href=\"#\" target=\"_blank\" rel=\"nofollow\"><i class=\"tk-x-twitter\" aria-hidden=\"true\"><\/i><\/a>\n\t\t\t\t<\/div><\/div>\t\t<\/div>\n\t\t\t\t<div class=\"thim-ekit-team__content\">\n\t\t<div class=\"thim-ekit-team__member-name\">ThS. Nguy\u1ec5n Quang H\u01b0ng<\/div>\t\t\t<div class=\"thim-ekit-team__member-position\">\n\t\t\t\tGi\u00e1m \u0111\u1ed1c Trung t\u00e2m\t\t\t<\/div>\n\t\t\t\t\t<\/div>\n\t\t\t\t\t\t\t\t<\/div>\n\t\t\t\t\t\t\t\t\t\t\t\t<div class=\"thim-ekit-team__article post-15880 page type-page status-publish hentry\">\n\t\t\t\t\t\t\t\t\t<div class=\"thim-ekit-team__thumbnail\">\n\t\t\t\t\t\t<div class=\"thim-ekit-team__image\">\n\t\t\t\t<img decoding=\"async\" width=\"300\" height=\"300\" src=\"https:\/\/iser.hueuni.edu.vn\/wp-content\/uploads\/2023\/12\/man-1.jpg\" class=\"attachment-full size-full wp-image-15184\" alt=\"\" srcset=\"https:\/\/iser.hueuni.edu.vn\/wp-content\/uploads\/2023\/12\/man-1.jpg 300w, https:\/\/iser.hueuni.edu.vn\/wp-content\/uploads\/2023\/12\/man-1-150x150.jpg 150w, https:\/\/iser.hueuni.edu.vn\/wp-content\/uploads\/2023\/12\/man-1-100x100.jpg 100w\" sizes=\"(max-width: 300px) 100vw, 300px\" \/>\t\t\t<\/div>\n\t\t\t\t\t\t<div class=\"thim-ekit-team__list-social\"><div class=\"thim-ekit-team__social\"><a href=\"#\" target=\"_blank\"><i class=\"fab fa-facebook-f\" aria-hidden=\"true\"><\/i><\/a>\n\t\t\t\t<\/div><div class=\"thim-ekit-team__social\"><a href=\"#\" target=\"_blank\"><i class=\"fab fa-youtube\" aria-hidden=\"true\"><\/i><\/a>\n\t\t\t\t<\/div><div class=\"thim-ekit-team__social\"><a href=\"#\" target=\"_blank\" rel=\"nofollow\"><i class=\"tk-x-twitter\" aria-hidden=\"true\"><\/i><\/a>\n\t\t\t\t<\/div><\/div>\t\t<\/div>\n\t\t\t\t<div class=\"thim-ekit-team__content\">\n\t\t<div class=\"thim-ekit-team__member-name\">ThS. Nguy\u1ec5n \u0110\u00ecnh Huy<\/div>\t\t\t<div class=\"thim-ekit-team__member-position\">\n\t\t\t\tNghi\u00ean c\u1ee9u vi\u00ean\t\t\t<\/div>\n\t\t\t\t\t<\/div>\n\t\t\t\t\t\t\t\t<\/div>\n\t\t\t\t\t\t\t\t\t\t\t\t<div class=\"thim-ekit-team__article post-15880 page type-page status-publish hentry\">\n\t\t\t\t\t\t\t\t\t<div class=\"thim-ekit-team__thumbnail\">\n\t\t\t\t\t\t<div class=\"thim-ekit-team__image\">\n\t\t\t\t<img loading=\"lazy\" decoding=\"async\" width=\"300\" height=\"300\" src=\"https:\/\/iser.hueuni.edu.vn\/wp-content\/uploads\/2023\/12\/woman-2.jpg\" class=\"attachment-full size-full wp-image-15185\" alt=\"\" srcset=\"https:\/\/iser.hueuni.edu.vn\/wp-content\/uploads\/2023\/12\/woman-2.jpg 300w, https:\/\/iser.hueuni.edu.vn\/wp-content\/uploads\/2023\/12\/woman-2-150x150.jpg 150w, https:\/\/iser.hueuni.edu.vn\/wp-content\/uploads\/2023\/12\/woman-2-100x100.jpg 100w\" sizes=\"(max-width: 300px) 100vw, 300px\" \/>\t\t\t<\/div>\n\t\t\t\t\t\t<div class=\"thim-ekit-team__list-social\"><div class=\"thim-ekit-team__social\"><a href=\"#\" target=\"_blank\"><i class=\"fab fa-facebook-f\" aria-hidden=\"true\"><\/i><\/a>\n\t\t\t\t<\/div><div class=\"thim-ekit-team__social\"><a href=\"#\" target=\"_blank\"><i class=\"fab fa-youtube\" aria-hidden=\"true\"><\/i><\/a>\n\t\t\t\t<\/div><div class=\"thim-ekit-team__social\"><a href=\"#\" target=\"_blank\" rel=\"nofollow\"><i class=\"tk-x-twitter\" aria-hidden=\"true\"><\/i><\/a>\n\t\t\t\t<\/div><\/div>\t\t<\/div>\n\t\t\t\t<div class=\"thim-ekit-team__content\">\n\t\t<div class=\"thim-ekit-team__member-name\">ThS. Nguy\u1ec5n Th\u1ecb C\u1ea9m Y\u1ebfn<\/div>\t\t\t<div class=\"thim-ekit-team__member-position\">\n\t\t\t\tNghi\u00ean c\u1ee9u vi\u00ean\t\t\t<\/div>\n\t\t\t\t\t<\/div>\n\t\t\t\t\t\t\t\t<\/div>\n\t\t\t\t\t\t\t\t\t\t\t\t<div class=\"thim-ekit-team__article post-15880 page type-page status-publish hentry\">\n\t\t\t\t\t\t\t\t\t<div class=\"thim-ekit-team__thumbnail\">\n\t\t\t\t\t\t<div class=\"thim-ekit-team__image\">\n\t\t\t\t<img loading=\"lazy\" decoding=\"async\" width=\"300\" height=\"300\" src=\"https:\/\/iser.hueuni.edu.vn\/wp-content\/uploads\/2023\/12\/man-2.jpg\" class=\"attachment-full size-full wp-image-15182\" alt=\"\" srcset=\"https:\/\/iser.hueuni.edu.vn\/wp-content\/uploads\/2023\/12\/man-2.jpg 300w, https:\/\/iser.hueuni.edu.vn\/wp-content\/uploads\/2023\/12\/man-2-150x150.jpg 150w, https:\/\/iser.hueuni.edu.vn\/wp-content\/uploads\/2023\/12\/man-2-100x100.jpg 100w\" sizes=\"(max-width: 300px) 100vw, 300px\" \/>\t\t\t<\/div>\n\t\t\t\t\t\t<div class=\"thim-ekit-team__list-social\"><div class=\"thim-ekit-team__social\"><a href=\"#\" target=\"_blank\"><i class=\"fab fa-facebook-f\" aria-hidden=\"true\"><\/i><\/a>\n\t\t\t\t<\/div><div class=\"thim-ekit-team__social\"><a href=\"#\" target=\"_blank\"><i class=\"fab fa-youtube\" aria-hidden=\"true\"><\/i><\/a>\n\t\t\t\t<\/div><div class=\"thim-ekit-team__social\"><a href=\"#\" target=\"_blank\" rel=\"nofollow\"><i class=\"tk-x-twitter\" aria-hidden=\"true\"><\/i><\/a>\n\t\t\t\t<\/div><\/div>\t\t<\/div>\n\t\t\t\t<div class=\"thim-ekit-team__content\">\n\t\t<div class=\"thim-ekit-team__member-name\">ThS. L\u00ea Quang C\u1ea3nh<\/div>\t\t\t<div class=\"thim-ekit-team__member-position\">\n\t\t\t\tNghi\u00ean c\u1ee9u vi\u00ean\t\t\t<\/div>\n\t\t\t\t\t<\/div>\n\t\t\t\t\t\t\t\t<\/div>\n\t\t\t\t\t\t\t\t\t\t\t\t<div class=\"thim-ekit-team__article post-15880 page type-page status-publish hentry\">\n\t\t\t\t\t\t\t\t\t<div class=\"thim-ekit-team__thumbnail\">\n\t\t\t\t\t\t<div class=\"thim-ekit-team__image\">\n\t\t\t\t<img loading=\"lazy\" decoding=\"async\" width=\"300\" height=\"300\" src=\"https:\/\/iser.hueuni.edu.vn\/wp-content\/uploads\/2023\/12\/man-4.jpg\" class=\"attachment-full size-full wp-image-15178\" alt=\"\" srcset=\"https:\/\/iser.hueuni.edu.vn\/wp-content\/uploads\/2023\/12\/man-4.jpg 300w, https:\/\/iser.hueuni.edu.vn\/wp-content\/uploads\/2023\/12\/man-4-150x150.jpg 150w, https:\/\/iser.hueuni.edu.vn\/wp-content\/uploads\/2023\/12\/man-4-100x100.jpg 100w\" sizes=\"(max-width: 300px) 100vw, 300px\" \/>\t\t\t<\/div>\n\t\t\t\t\t\t<div class=\"thim-ekit-team__list-social\"><div class=\"thim-ekit-team__social\"><a ><i class=\"fab fa-facebook-f\" aria-hidden=\"true\"><\/i><\/a>\n\t\t\t\t<\/div><div class=\"thim-ekit-team__social\"><a ><i class=\"fab fa-youtube\" aria-hidden=\"true\"><\/i><\/a>\n\t\t\t\t<\/div><\/div>\t\t<\/div>\n\t\t\t\t<div class=\"thim-ekit-team__content\">\n\t\t<div class=\"thim-ekit-team__member-name\">ThS. Tr\u1ea7n Quang l\u1ed9c<\/div>\t\t\t<div class=\"thim-ekit-team__member-position\">\n\t\t\t\tNghi\u00ean c\u1ee9u vi\u00ean\t\t\t<\/div>\n\t\t\t\t\t<\/div>\n\t\t\t\t\t\t\t\t<\/div>\n\t\t\t\t\t\t\t\t\t\t\t\t<div class=\"thim-ekit-team__article post-15880 page type-page status-publish hentry\">\n\t\t\t\t\t\t\t\t\t<div class=\"thim-ekit-team__thumbnail\">\n\t\t\t\t\t\t<div class=\"thim-ekit-team__image\">\n\t\t\t\t<img loading=\"lazy\" decoding=\"async\" width=\"300\" height=\"300\" src=\"https:\/\/iser.hueuni.edu.vn\/wp-content\/uploads\/2023\/12\/man-3.jpg\" class=\"attachment-full size-full wp-image-15177\" alt=\"\" srcset=\"https:\/\/iser.hueuni.edu.vn\/wp-content\/uploads\/2023\/12\/man-3.jpg 300w, https:\/\/iser.hueuni.edu.vn\/wp-content\/uploads\/2023\/12\/man-3-150x150.jpg 150w, https:\/\/iser.hueuni.edu.vn\/wp-content\/uploads\/2023\/12\/man-3-100x100.jpg 100w\" sizes=\"(max-width: 300px) 100vw, 300px\" \/>\t\t\t<\/div>\n\t\t\t\t\t\t<div class=\"thim-ekit-team__list-social\"><div class=\"thim-ekit-team__social\"><a ><i class=\"fab fa-facebook-f\" aria-hidden=\"true\"><\/i><\/a>\n\t\t\t\t<\/div><div class=\"thim-ekit-team__social\"><a ><i class=\"fab fa-youtube\" aria-hidden=\"true\"><\/i><\/a>\n\t\t\t\t<\/div><\/div>\t\t<\/div>\n\t\t\t\t<div class=\"thim-ekit-team__content\">\n\t\t<div class=\"thim-ekit-team__member-name\">ThS. Tr\u1ea7n Hi\u1ebfu Quang<\/div>\t\t\t<div class=\"thim-ekit-team__member-position\">\n\t\t\t\tNghi\u00ean c\u1ee9u vi\u00ean\t\t\t<\/div>\n\t\t\t\t\t<\/div>\n\t\t\t\t\t\t\t\t<\/div>\n\t\t\t\t\t\t\t\t\t\t\t\t<div class=\"thim-ekit-team__article post-15880 page type-page status-publish hentry\">\n\t\t\t\t\t\t\t\t\t<div class=\"thim-ekit-team__thumbnail\">\n\t\t\t\t\t\t<div class=\"thim-ekit-team__image\">\n\t\t\t\t<img loading=\"lazy\" decoding=\"async\" width=\"300\" height=\"300\" src=\"https:\/\/iser.hueuni.edu.vn\/wp-content\/uploads\/2023\/12\/man-5.jpg\" class=\"attachment-full size-full wp-image-15179\" alt=\"\" srcset=\"https:\/\/iser.hueuni.edu.vn\/wp-content\/uploads\/2023\/12\/man-5.jpg 300w, https:\/\/iser.hueuni.edu.vn\/wp-content\/uploads\/2023\/12\/man-5-150x150.jpg 150w, https:\/\/iser.hueuni.edu.vn\/wp-content\/uploads\/2023\/12\/man-5-100x100.jpg 100w\" sizes=\"(max-width: 300px) 100vw, 300px\" \/>\t\t\t<\/div>\n\t\t\t\t\t\t<div class=\"thim-ekit-team__list-social\"><div class=\"thim-ekit-team__social\"><a ><i class=\"fab fa-facebook-f\" aria-hidden=\"true\"><\/i><\/a>\n\t\t\t\t<\/div><div class=\"thim-ekit-team__social\"><a ><i class=\"fab fa-youtube\" aria-hidden=\"true\"><\/i><\/a>\n\t\t\t\t<\/div><\/div>\t\t<\/div>\n\t\t\t\t<div class=\"thim-ekit-team__content\">\n\t\t<div class=\"thim-ekit-team__member-name\">ThS. \u0110inh Thanh Ki\u00ean<\/div>\t\t\t<div class=\"thim-ekit-team__member-position\">\n\t\t\t\tNghi\u00ean c\u1ee9u vi\u00ean\t\t\t<\/div>\n\t\t\t\t\t<\/div>\n\t\t\t\t\t\t\t\t<\/div>\n\t\t\t\t\t\t\t\t\t\t\t\t<div class=\"thim-ekit-team__article post-15880 page type-page status-publish hentry\">\n\t\t\t\t\t\t\t\t\t<div class=\"thim-ekit-team__thumbnail\">\n\t\t\t\t\t\t<div class=\"thim-ekit-team__image\">\n\t\t\t\t<img decoding=\"async\" width=\"300\" height=\"300\" src=\"https:\/\/iser.hueuni.edu.vn\/wp-content\/uploads\/2023\/12\/man-1.jpg\" class=\"attachment-full size-full wp-image-15184\" alt=\"\" srcset=\"https:\/\/iser.hueuni.edu.vn\/wp-content\/uploads\/2023\/12\/man-1.jpg 300w, https:\/\/iser.hueuni.edu.vn\/wp-content\/uploads\/2023\/12\/man-1-150x150.jpg 150w, https:\/\/iser.hueuni.edu.vn\/wp-content\/uploads\/2023\/12\/man-1-100x100.jpg 100w\" sizes=\"(max-width: 300px) 100vw, 300px\" \/>\t\t\t<\/div>\n\t\t\t\t\t\t<div class=\"thim-ekit-team__list-social\"><div class=\"thim-ekit-team__social\"><a ><i class=\"fab fa-facebook-f\" aria-hidden=\"true\"><\/i><\/a>\n\t\t\t\t<\/div><div class=\"thim-ekit-team__social\"><a ><i class=\"fab fa-youtube\" aria-hidden=\"true\"><\/i><\/a>\n\t\t\t\t<\/div><\/div>\t\t<\/div>\n\t\t\t\t<div class=\"thim-ekit-team__content\">\n\t\t<div class=\"thim-ekit-team__member-name\">ThS. Nguy\u1ec5n \u0110\u0103ng H\u1ea3i<\/div>\t\t\t<div class=\"thim-ekit-team__member-position\">\n\t\t\t\tNghi\u00ean c\u1ee9u vi\u00ean\t\t\t<\/div>\n\t\t\t\t\t<\/div>\n\t\t\t\t\t\t\t\t<\/div>\n\t\t\t\t\t\t\t\t\t<\/div>\n\t\t<\/div>\n\n\t\t\t\t\t\t<\/div>\n\t\t\t\t<\/div>\n\t\t\t\t\t<\/div>\n\t\t<\/div>\n\t\t\t\t\t<\/div>\n\t\t<\/section>\n\t\t\t\t<\/div>\n\t\t","protected":false},"excerpt":{"rendered":"<p>1. Ch\u1ee9c n\u0103ng: Tham m\u01b0u gi\u00fap Vi\u1ec7n tr\u01b0\u1edfng th\u1ef1c hi\u1ec7n ch\u1ee9c n\u0103ng nghi\u00ean c\u1ee9u, \u0111\u00e0o t\u1ea1o ng\u1eafn h\u1ea1n, b\u1ed3i d\u01b0\u1ee1ng v\u00e0 cung \u1ee9ng nh\u1eefng d\u1ecbch v\u1ee5 t\u01b0 v\u1ea5n \u0111\u1ed1i v\u1edbi c\u00e1c l\u0129nh v\u1ef1c b\u1ea3o t\u1ed3n t\u00e0i nguy\u00ean, qu\u1ea3n l\u00fd m\u00f4i &hellip; <\/p>\n","protected":false},"author":1,"featured_media":0,"parent":0,"menu_order":0,"comment_status":"closed","ping_status":"closed","template":"","meta":{"footnotes":""},"class_list":["post-15880","page","type-page","status-publish","hentry"],"_links":{"self":[{"href":"https:\/\/iser.hueuni.edu.vn\/index.php?rest_route=\/wp\/v2\/pages\/15880","targetHints":{"allow":["GET"]}}],"collection":[{"href":"https:\/\/iser.hueuni.edu.vn\/index.php?rest_route=\/wp\/v2\/pages"}],"about":[{"href":"https:\/\/iser.hueuni.edu.vn\/index.php?rest_route=\/wp\/v2\/types\/page"}],"author":[{"embeddable":true,"href":"https:\/\/iser.hueuni.edu.vn\/index.php?rest_route=\/wp\/v2\/users\/1"}],"replies":[{"embeddable":true,"href":"https:\/\/iser.hueuni.edu.vn\/index.php?rest_route=%2Fwp%2Fv2%2Fcomments&post=15880"}],"version-history":[{"count":10,"href":"https:\/\/iser.hueuni.edu.vn\/index.php?rest_route=\/wp\/v2\/pages\/15880\/revisions"}],"predecessor-version":[{"id":15896,"href":"https:\/\/iser.hueuni.edu.vn\/index.php?rest_route=\/wp\/v2\/pages\/15880\/revisions\/15896"}],"wp:attachment":[{"href":"https:\/\/iser.hueuni.edu.vn\/index.php?rest_route=%2Fwp%2Fv2%2Fmedia&parent=15880"}],"curies":[{"name":"wp","href":"https:\/\/api.w.org\/{rel}","templated":true}]}}