{"id":15872,"date":"2025-01-09T17:12:17","date_gmt":"2025-01-09T10:12:17","guid":{"rendered":"https:\/\/iser.hueuni.edu.vn\/?page_id=15872"},"modified":"2025-01-09T17:13:45","modified_gmt":"2025-01-09T10:13:45","slug":"trung-tam-nghien-cuu-kinh-te-xa-hoi","status":"publish","type":"page","link":"https:\/\/iser.hueuni.edu.vn\/?page_id=15872","title":{"rendered":"Trung t\u00e2m Nghi\u00ean c\u1ee9u kinh t\u1ebf &#8211; x\u00e3 h\u1ed9i"},"content":{"rendered":"\t\t<div data-elementor-type=\"wp-page\" data-elementor-id=\"15872\" class=\"elementor elementor-15872\">\n\t\t\t\t<div class=\"elementor-element elementor-element-476fb0fd e-con-full e-flex e-con e-parent\" data-id=\"476fb0fd\" data-element_type=\"container\" data-settings=\"{&quot;background_background&quot;:&quot;classic&quot;}\">\n\t\t<div class=\"elementor-element elementor-element-4aba711f e-con-full e-flex e-con e-child\" data-id=\"4aba711f\" data-element_type=\"container\">\n\t\t\t\t<div class=\"elementor-element elementor-element-5631695 elementor-widget elementor-widget-text-editor\" data-id=\"5631695\" data-element_type=\"widget\" data-widget_type=\"text-editor.default\">\n\t\t\t\t<div class=\"elementor-widget-container\">\n\t\t\t\t\t\t\t\t\t<p><strong>1. Ch\u1ee9c n\u0103ng:<\/strong> Tham m\u01b0u gi\u00fap Vi\u1ec7n tr\u01b0\u1edfng nghi\u00ean c\u1ee9u c\u00e1c ch\u01b0\u01a1ng tr\u00ecnh, d\u1ef1 \u00e1n, \u0111\u1ec1 t\u00e0i khoa h\u1ecdc v\u00e0 c\u00f4ng ngh\u1ec7 v\u1ec1 l\u0129nh v\u1ef1c kinh t\u1ebf &#8211; x\u00e3 h\u1ed9i trong v\u00e0 ngo\u00e0i n\u01b0\u1edbc; t\u1ed5 ch\u1ee9c \u0111\u00e0o t\u1ea1o, b\u1ed3i d\u01b0\u1ee1ng n\u00e2ng cao n\u0103ng l\u1ef1c cho c\u00e1n b\u1ed9 nghi\u00ean c\u1ee9u, c\u00e1c nh\u00e0 qu\u1ea3n l\u00fd kinh t\u1ebf &#8211; x\u00e3 h\u1ed9i.<\/p>\t\t\t\t\t\t\t\t<\/div>\n\t\t\t\t<\/div>\n\t\t\t\t<\/div>\n\t\t<div class=\"elementor-element elementor-element-4884bca6 e-con-full e-flex e-con e-child\" data-id=\"4884bca6\" data-element_type=\"container\">\n\t\t\t\t<div class=\"elementor-element elementor-element-3c7e481d elementor-widget elementor-widget-image\" data-id=\"3c7e481d\" data-element_type=\"widget\" data-widget_type=\"image.default\">\n\t\t\t\t<div class=\"elementor-widget-container\">\n\t\t\t\t\t\t\t\t\t\t\t\t\t\t\t<img fetchpriority=\"high\" decoding=\"async\" width=\"630\" height=\"410\" src=\"https:\/\/iser.hueuni.edu.vn\/wp-content\/uploads\/2023\/12\/alumni-box-2.jpg\" class=\"attachment-large size-large wp-image-15574\" alt=\"\" srcset=\"https:\/\/iser.hueuni.edu.vn\/wp-content\/uploads\/2023\/12\/alumni-box-2.jpg 630w, https:\/\/iser.hueuni.edu.vn\/wp-content\/uploads\/2023\/12\/alumni-box-2-300x195.jpg 300w, https:\/\/iser.hueuni.edu.vn\/wp-content\/uploads\/2023\/12\/alumni-box-2-600x390.jpg 600w\" sizes=\"(max-width: 630px) 100vw, 630px\" \/>\t\t\t\t\t\t\t\t\t\t\t\t\t\t\t<\/div>\n\t\t\t\t<\/div>\n\t\t\t\t<\/div>\n\t\t\t\t<\/div>\n\t\t<div class=\"elementor-element elementor-element-48bec42e e-flex e-con-boxed e-con e-parent\" data-id=\"48bec42e\" data-element_type=\"container\">\n\t\t\t\t\t<div class=\"e-con-inner\">\n\t\t\t\t<div class=\"elementor-element elementor-element-5a8a5d1 elementor-widget elementor-widget-text-editor\" data-id=\"5a8a5d1\" data-element_type=\"widget\" data-widget_type=\"text-editor.default\">\n\t\t\t\t<div class=\"elementor-widget-container\">\n\t\t\t\t\t\t\t\t\t<p><strong>2. Nhi\u1ec7m v\u1ee5:<\/strong><\/p><p>a) Tham m\u01b0u gi\u00fap Vi\u1ec7n tr\u01b0\u1edfng tri\u1ec3n khai nghi\u00ean c\u1ee9u c\u00e1c ch\u01b0\u01a1ng tr\u00ecnh, d\u1ef1 \u00e1n, \u0111\u1ec1 t\u00e0i khoa h\u1ecdc v\u00e0 c\u00f4ng ngh\u1ec7 trong l\u0129nh v\u1ef1c ph\u00e1t tri\u1ec3n kinh t\u1ebf &#8211; x\u00e3 h\u1ed9i, li\u00ean k\u1ebft v\u00f9ng.<\/p><p>b) T\u1ed5 ch\u1ee9c nghi\u00ean c\u1ee9u, kh\u1ea3o s\u00e1t, \u0111\u00e1nh gi\u00e1 vi\u1ec7c tri\u1ec3n khai th\u1ef1c hi\u1ec7n c\u00e1c c\u01a1 ch\u1ebf, ch\u00ednh s\u00e1ch ph\u00e1t tri\u1ec3n kinh t\u1ebf &#8211; x\u00e3 h\u1ed9i tr\u00ean \u0111\u1ecba b\u00e0n c\u00e1c t\u1ec9nh mi\u1ec1n Trung &#8211; T\u00e2y Nguy\u00ean v\u00e0 c\u1ea3 n\u01b0\u1edbc; \u0111\u1ec1 xu\u1ea5t gi\u1ea3i ph\u00e1p, c\u01a1 ch\u1ebf, ch\u00ednh s\u00e1ch ph\u00f9 h\u1ee3p.<\/p><p>c) T\u1ed5 ch\u1ee9c \u0111\u00e0o t\u1ea1o, b\u1ed3i d\u01b0\u1ee1ng n\u00e2ng cao n\u0103ng l\u1ef1c cho c\u00e1n b\u1ed9 nghi\u00ean c\u1ee9u, c\u00e1c nh\u00e0 qu\u1ea3n l\u00fd kinh t\u1ebf &#8211; x\u00e3 h\u1ed9i \u1edf c\u00e1c t\u1ec9nh, th\u00e0nh mi\u1ec1n Trung &#8211; T\u00e2y Nguy\u00ean v\u00e0 c\u1ea3 n\u01b0\u1edbc theo quy \u0111\u1ecbnh c\u1ee7a ph\u00e1p lu\u1eadt v\u00e0 \u0110\u1ea1i h\u1ecdc Hu\u1ebf.<\/p><p>d) H\u1ee3p t\u00e1c, k\u1ebft n\u1ed1i c\u00e1c c\u01a1 s\u1edf gi\u00e1o d\u1ee5c \u0111\u1ea1i h\u1ecdc, t\u1ed5 ch\u1ee9c khoa h\u1ecdc v\u00e0 c\u00f4ng ngh\u1ec7, c\u01a1 quan, \u0111\u01a1n v\u1ecb trong v\u00e0 ngo\u00e0i n\u01b0\u1edbc \u0111\u1ec3 nghi\u00ean c\u1ee9u khoa h\u1ecdc v\u00e0 t\u1ed5 ch\u1ee9c c\u00e1c h\u1ed9i ngh\u1ecb, h\u1ed9i th\u1ea3o.<\/p><p>\u0111) Cung c\u1ea5p d\u1ecbch v\u1ee5 t\u01b0 v\u1ea5n, ph\u1ea3n bi\u1ec7n ch\u00ednh s\u00e1ch v\u1ec1 ph\u00e1t tri\u1ec3n kinh t\u1ebf &#8211; x\u00e3 h\u1ed9i.<\/p>\t\t\t\t\t\t\t\t<\/div>\n\t\t\t\t<\/div>\n\t\t\t\t\t<\/div>\n\t\t\t\t<\/div>\n\t\t\t\t<section class=\"elementor-section elementor-top-section elementor-element elementor-element-6ee6f30 elementor-section-stretched elementor-section-boxed elementor-section-height-default elementor-section-height-default\" data-id=\"6ee6f30\" data-element_type=\"section\" data-settings=\"{&quot;stretch_section&quot;:&quot;section-stretched&quot;}\">\n\t\t\t\t\t\t<div class=\"elementor-container elementor-column-gap-custom\">\n\t\t\t\t\t<div class=\"elementor-column elementor-col-100 elementor-top-column elementor-element elementor-element-1ac60904\" data-id=\"1ac60904\" data-element_type=\"column\">\n\t\t\t<div class=\"elementor-widget-wrap elementor-element-populated\">\n\t\t\t\t\t\t<div class=\"elementor-element elementor-element-1419ca7 elementor-widget elementor-widget-heading\" data-id=\"1419ca7\" data-element_type=\"widget\" data-widget_type=\"heading.default\">\n\t\t\t\t<div class=\"elementor-widget-container\">\n\t\t\t\t\t<h4 class=\"elementor-heading-title elementor-size-default\">3. \u0110\u1ed9i ng\u0169:<\/h4>\t\t\t\t<\/div>\n\t\t\t\t<\/div>\n\t\t\t\t<div class=\"elementor-element elementor-element-45cdbbf1 thim-ekit-team-default elementor-widget elementor-widget-thim-ekits-team\" data-id=\"45cdbbf1\" data-element_type=\"widget\" data-settings=\"{&quot;row_gap&quot;:{&quot;unit&quot;:&quot;px&quot;,&quot;size&quot;:30,&quot;sizes&quot;:[]},&quot;row_gap_tablet&quot;:{&quot;unit&quot;:&quot;px&quot;,&quot;size&quot;:&quot;&quot;,&quot;sizes&quot;:[]},&quot;row_gap_mobile_extra&quot;:{&quot;unit&quot;:&quot;px&quot;,&quot;size&quot;:&quot;&quot;,&quot;sizes&quot;:[]},&quot;row_gap_mobile&quot;:{&quot;unit&quot;:&quot;px&quot;,&quot;size&quot;:&quot;&quot;,&quot;sizes&quot;:[]}}\" data-widget_type=\"thim-ekits-team.default\">\n\t\t\t\t<div class=\"elementor-widget-container\">\n\t\t\t\t\t\n\t\t<div class=\"thim-ekit-team\">\n\t\t\t<div class=\"thim-ekit-team__inner\">\n\t\t\t\t\t\t\t\t\t\t<div class=\"thim-ekit-team__article post-15872 page type-page status-publish hentry\">\n\t\t\t\t\t\t\t\t\t<div class=\"thim-ekit-team__thumbnail\">\n\t\t\t\t\t\t<div class=\"thim-ekit-team__image\">\n\t\t\t\t<img decoding=\"async\" width=\"300\" height=\"300\" src=\"https:\/\/iser.hueuni.edu.vn\/wp-content\/uploads\/2023\/12\/man-6.jpg\" class=\"attachment-full size-full wp-image-15180\" alt=\"\" srcset=\"https:\/\/iser.hueuni.edu.vn\/wp-content\/uploads\/2023\/12\/man-6.jpg 300w, https:\/\/iser.hueuni.edu.vn\/wp-content\/uploads\/2023\/12\/man-6-150x150.jpg 150w, https:\/\/iser.hueuni.edu.vn\/wp-content\/uploads\/2023\/12\/man-6-100x100.jpg 100w\" sizes=\"(max-width: 300px) 100vw, 300px\" \/>\t\t\t<\/div>\n\t\t\t\t\t\t<div class=\"thim-ekit-team__list-social\"><div class=\"thim-ekit-team__social\"><a href=\"#\" target=\"_blank\"><i class=\"fab fa-facebook-f\" aria-hidden=\"true\"><\/i><\/a>\n\t\t\t\t<\/div><div class=\"thim-ekit-team__social\"><a href=\"#\" target=\"_blank\"><i class=\"fab fa-youtube\" aria-hidden=\"true\"><\/i><\/a>\n\t\t\t\t<\/div><div class=\"thim-ekit-team__social\"><a href=\"#\" target=\"_blank\" rel=\"nofollow\"><i class=\"tk-x-twitter\" aria-hidden=\"true\"><\/i><\/a>\n\t\t\t\t<\/div><\/div>\t\t<\/div>\n\t\t\t\t<div class=\"thim-ekit-team__content\">\n\t\t<div class=\"thim-ekit-team__member-name\">PGS.TS. Nguy\u1ec5n H\u1ed3 Lam<\/div>\t\t\t<div class=\"thim-ekit-team__member-position\">\n\t\t\t\tPh\u00f3 Vi\u1ec7n tr\u01b0\u1edfng Ph\u1ee5 tr\u00e1ch\t\t\t<\/div>\n\t\t\t\t\t<\/div>\n\t\t\t\t\t\t\t\t<\/div>\n\t\t\t\t\t\t\t\t\t\t\t\t<div class=\"thim-ekit-team__article post-15872 page type-page status-publish hentry\">\n\t\t\t\t\t\t\t\t\t<div class=\"thim-ekit-team__thumbnail\">\n\t\t\t\t\t\t<div class=\"thim-ekit-team__image\">\n\t\t\t\t<img decoding=\"async\" width=\"300\" height=\"300\" src=\"https:\/\/iser.hueuni.edu.vn\/wp-content\/uploads\/2023\/12\/man-1.jpg\" class=\"attachment-full size-full wp-image-15184\" alt=\"\" srcset=\"https:\/\/iser.hueuni.edu.vn\/wp-content\/uploads\/2023\/12\/man-1.jpg 300w, https:\/\/iser.hueuni.edu.vn\/wp-content\/uploads\/2023\/12\/man-1-150x150.jpg 150w, https:\/\/iser.hueuni.edu.vn\/wp-content\/uploads\/2023\/12\/man-1-100x100.jpg 100w\" sizes=\"(max-width: 300px) 100vw, 300px\" \/>\t\t\t<\/div>\n\t\t\t\t\t\t<div class=\"thim-ekit-team__list-social\"><div class=\"thim-ekit-team__social\"><a href=\"#\" target=\"_blank\"><i class=\"fab fa-facebook-f\" aria-hidden=\"true\"><\/i><\/a>\n\t\t\t\t<\/div><div class=\"thim-ekit-team__social\"><a href=\"#\" target=\"_blank\"><i class=\"fab fa-youtube\" aria-hidden=\"true\"><\/i><\/a>\n\t\t\t\t<\/div><div class=\"thim-ekit-team__social\"><a href=\"#\" target=\"_blank\" rel=\"nofollow\"><i class=\"tk-x-twitter\" aria-hidden=\"true\"><\/i><\/a>\n\t\t\t\t<\/div><\/div>\t\t<\/div>\n\t\t\t\t<div class=\"thim-ekit-team__content\">\n\t\t<div class=\"thim-ekit-team__member-name\">CN. D\u01b0\u01a1ng V\u0103n Khoa<\/div>\t\t\t<div class=\"thim-ekit-team__member-position\">\n\t\t\t\tT\u1ed5 tr\u01b0\u1edfng\t\t\t<\/div>\n\t\t\t\t\t<\/div>\n\t\t\t\t\t\t\t\t<\/div>\n\t\t\t\t\t\t\t\t\t\t\t\t<div class=\"thim-ekit-team__article post-15872 page type-page status-publish hentry\">\n\t\t\t\t\t\t\t\t\t<div class=\"thim-ekit-team__thumbnail\">\n\t\t\t\t\t\t<div class=\"thim-ekit-team__image\">\n\t\t\t\t<img loading=\"lazy\" decoding=\"async\" width=\"300\" height=\"300\" src=\"https:\/\/iser.hueuni.edu.vn\/wp-content\/uploads\/2023\/12\/woman-2.jpg\" class=\"attachment-full size-full wp-image-15185\" alt=\"\" srcset=\"https:\/\/iser.hueuni.edu.vn\/wp-content\/uploads\/2023\/12\/woman-2.jpg 300w, https:\/\/iser.hueuni.edu.vn\/wp-content\/uploads\/2023\/12\/woman-2-150x150.jpg 150w, https:\/\/iser.hueuni.edu.vn\/wp-content\/uploads\/2023\/12\/woman-2-100x100.jpg 100w\" sizes=\"(max-width: 300px) 100vw, 300px\" \/>\t\t\t<\/div>\n\t\t\t\t\t\t<div class=\"thim-ekit-team__list-social\"><div class=\"thim-ekit-team__social\"><a href=\"#\" target=\"_blank\"><i class=\"fab fa-facebook-f\" aria-hidden=\"true\"><\/i><\/a>\n\t\t\t\t<\/div><div class=\"thim-ekit-team__social\"><a href=\"#\" target=\"_blank\"><i class=\"fab fa-youtube\" aria-hidden=\"true\"><\/i><\/a>\n\t\t\t\t<\/div><div class=\"thim-ekit-team__social\"><a href=\"#\" target=\"_blank\" rel=\"nofollow\"><i class=\"tk-x-twitter\" aria-hidden=\"true\"><\/i><\/a>\n\t\t\t\t<\/div><\/div>\t\t<\/div>\n\t\t\t\t<div class=\"thim-ekit-team__content\">\n\t\t<div class=\"thim-ekit-team__member-name\">ThS. Tr\u1ea7n \u0110\u1eb7ng B\u1ea3o Thuy\u00ean<\/div>\t\t\t<div class=\"thim-ekit-team__member-position\">\n\t\t\t\tT\u1ed5 ph\u00f3\t\t\t<\/div>\n\t\t\t\t\t<\/div>\n\t\t\t\t\t\t\t\t<\/div>\n\t\t\t\t\t\t\t\t\t\t\t\t<div class=\"thim-ekit-team__article post-15872 page type-page status-publish hentry\">\n\t\t\t\t\t\t\t\t\t<div class=\"thim-ekit-team__thumbnail\">\n\t\t\t\t\t\t<div class=\"thim-ekit-team__image\">\n\t\t\t\t<img loading=\"lazy\" decoding=\"async\" width=\"300\" height=\"300\" src=\"https:\/\/iser.hueuni.edu.vn\/wp-content\/uploads\/2023\/12\/woman-3.jpg\" class=\"attachment-full size-full wp-image-15183\" alt=\"\" srcset=\"https:\/\/iser.hueuni.edu.vn\/wp-content\/uploads\/2023\/12\/woman-3.jpg 300w, https:\/\/iser.hueuni.edu.vn\/wp-content\/uploads\/2023\/12\/woman-3-150x150.jpg 150w, https:\/\/iser.hueuni.edu.vn\/wp-content\/uploads\/2023\/12\/woman-3-100x100.jpg 100w\" sizes=\"(max-width: 300px) 100vw, 300px\" \/>\t\t\t<\/div>\n\t\t\t\t\t\t<div class=\"thim-ekit-team__list-social\"><div class=\"thim-ekit-team__social\"><a href=\"#\" target=\"_blank\"><i class=\"fab fa-facebook-f\" aria-hidden=\"true\"><\/i><\/a>\n\t\t\t\t<\/div><div class=\"thim-ekit-team__social\"><a href=\"#\" target=\"_blank\"><i class=\"fab fa-youtube\" aria-hidden=\"true\"><\/i><\/a>\n\t\t\t\t<\/div><div class=\"thim-ekit-team__social\"><a href=\"#\" target=\"_blank\" rel=\"nofollow\"><i class=\"tk-x-twitter\" aria-hidden=\"true\"><\/i><\/a>\n\t\t\t\t<\/div><\/div>\t\t<\/div>\n\t\t\t\t<div class=\"thim-ekit-team__content\">\n\t\t<div class=\"thim-ekit-team__member-name\">CN. Th\u00e2n Th\u1ecb M\u1ef9 Linh<\/div>\t\t\t<div class=\"thim-ekit-team__member-position\">\n\t\t\t\tK\u1ebf to\u00e1n\t\t\t<\/div>\n\t\t\t\t\t<\/div>\n\t\t\t\t\t\t\t\t<\/div>\n\t\t\t\t\t\t\t\t\t\t\t\t<div class=\"thim-ekit-team__article post-15872 page type-page status-publish hentry\">\n\t\t\t\t\t\t\t\t\t<div class=\"thim-ekit-team__thumbnail\">\n\t\t\t\t\t\t<div class=\"thim-ekit-team__image\">\n\t\t\t\t<img loading=\"lazy\" decoding=\"async\" width=\"300\" height=\"300\" src=\"https:\/\/iser.hueuni.edu.vn\/wp-content\/uploads\/2023\/12\/man-2.jpg\" class=\"attachment-full size-full wp-image-15182\" alt=\"\" srcset=\"https:\/\/iser.hueuni.edu.vn\/wp-content\/uploads\/2023\/12\/man-2.jpg 300w, https:\/\/iser.hueuni.edu.vn\/wp-content\/uploads\/2023\/12\/man-2-150x150.jpg 150w, https:\/\/iser.hueuni.edu.vn\/wp-content\/uploads\/2023\/12\/man-2-100x100.jpg 100w\" sizes=\"(max-width: 300px) 100vw, 300px\" \/>\t\t\t<\/div>\n\t\t\t\t\t\t<div class=\"thim-ekit-team__list-social\"><div class=\"thim-ekit-team__social\"><a href=\"#\" target=\"_blank\"><i class=\"fab fa-facebook-f\" aria-hidden=\"true\"><\/i><\/a>\n\t\t\t\t<\/div><div class=\"thim-ekit-team__social\"><a href=\"#\" target=\"_blank\"><i class=\"fab fa-youtube\" aria-hidden=\"true\"><\/i><\/a>\n\t\t\t\t<\/div><div class=\"thim-ekit-team__social\"><a href=\"#\" target=\"_blank\" rel=\"nofollow\"><i class=\"tk-x-twitter\" aria-hidden=\"true\"><\/i><\/a>\n\t\t\t\t<\/div><\/div>\t\t<\/div>\n\t\t\t\t<div class=\"thim-ekit-team__content\">\n\t\t<div class=\"thim-ekit-team__member-name\">CN. Nguy\u1ec5n Kh\u1eafc Qu\u00ed<\/div>\t\t\t<div class=\"thim-ekit-team__member-position\">\n\t\t\t\tNh\u00e2n vi\u00ean\t\t\t<\/div>\n\t\t\t\t\t<\/div>\n\t\t\t\t\t\t\t\t<\/div>\n\t\t\t\t\t\t\t\t\t\t\t\t<div class=\"thim-ekit-team__article post-15872 page type-page status-publish hentry\">\n\t\t\t\t\t\t\t\t\t<div class=\"thim-ekit-team__thumbnail\">\n\t\t\t\t\t\t<div class=\"thim-ekit-team__image\">\n\t\t\t\t<img loading=\"lazy\" decoding=\"async\" width=\"300\" height=\"300\" src=\"https:\/\/iser.hueuni.edu.vn\/wp-content\/uploads\/2023\/12\/man-3.jpg\" class=\"attachment-full size-full wp-image-15177\" alt=\"\" srcset=\"https:\/\/iser.hueuni.edu.vn\/wp-content\/uploads\/2023\/12\/man-3.jpg 300w, https:\/\/iser.hueuni.edu.vn\/wp-content\/uploads\/2023\/12\/man-3-150x150.jpg 150w, https:\/\/iser.hueuni.edu.vn\/wp-content\/uploads\/2023\/12\/man-3-100x100.jpg 100w\" sizes=\"(max-width: 300px) 100vw, 300px\" \/>\t\t\t<\/div>\n\t\t\t\t\t\t<div class=\"thim-ekit-team__list-social\"><div class=\"thim-ekit-team__social\"><a href=\"#\" target=\"_blank\"><i class=\"fab fa-facebook-f\" aria-hidden=\"true\"><\/i><\/a>\n\t\t\t\t<\/div><div class=\"thim-ekit-team__social\"><a href=\"#\" target=\"_blank\"><i class=\"fab fa-youtube\" aria-hidden=\"true\"><\/i><\/a>\n\t\t\t\t<\/div><div class=\"thim-ekit-team__social\"><a href=\"#\" target=\"_blank\" rel=\"nofollow\"><i class=\"tk-x-twitter\" aria-hidden=\"true\"><\/i><\/a>\n\t\t\t\t<\/div><\/div>\t\t<\/div>\n\t\t\t\t<div class=\"thim-ekit-team__content\">\n\t\t<div class=\"thim-ekit-team__member-name\">H\u1ed3 V\u0103n Nam<\/div>\t\t\t<div class=\"thim-ekit-team__member-position\">\n\t\t\t\tNh\u00e2n vi\u00ean\t\t\t<\/div>\n\t\t\t\t\t<\/div>\n\t\t\t\t\t\t\t\t<\/div>\n\t\t\t\t\t\t\t\t\t<\/div>\n\t\t<\/div>\n\n\t\t\t\t\t\t<\/div>\n\t\t\t\t<\/div>\n\t\t\t\t\t<\/div>\n\t\t<\/div>\n\t\t\t\t\t<\/div>\n\t\t<\/section>\n\t\t\t\t<\/div>\n\t\t","protected":false},"excerpt":{"rendered":"<p>1. Ch\u1ee9c n\u0103ng: Tham m\u01b0u gi\u00fap Vi\u1ec7n tr\u01b0\u1edfng nghi\u00ean c\u1ee9u c\u00e1c ch\u01b0\u01a1ng tr\u00ecnh, d\u1ef1 \u00e1n, \u0111\u1ec1 t\u00e0i khoa h\u1ecdc v\u00e0 c\u00f4ng ngh\u1ec7 v\u1ec1 l\u0129nh v\u1ef1c kinh t\u1ebf &#8211; x\u00e3 h\u1ed9i trong v\u00e0 ngo\u00e0i n\u01b0\u1edbc; t\u1ed5 ch\u1ee9c \u0111\u00e0o t\u1ea1o, b\u1ed3i d\u01b0\u1ee1ng &hellip; <\/p>\n","protected":false},"author":1,"featured_media":0,"parent":0,"menu_order":0,"comment_status":"closed","ping_status":"closed","template":"","meta":{"footnotes":""},"class_list":["post-15872","page","type-page","status-publish","hentry"],"_links":{"self":[{"href":"https:\/\/iser.hueuni.edu.vn\/index.php?rest_route=\/wp\/v2\/pages\/15872","targetHints":{"allow":["GET"]}}],"collection":[{"href":"https:\/\/iser.hueuni.edu.vn\/index.php?rest_route=\/wp\/v2\/pages"}],"about":[{"href":"https:\/\/iser.hueuni.edu.vn\/index.php?rest_route=\/wp\/v2\/types\/page"}],"author":[{"embeddable":true,"href":"https:\/\/iser.hueuni.edu.vn\/index.php?rest_route=\/wp\/v2\/users\/1"}],"replies":[{"embeddable":true,"href":"https:\/\/iser.hueuni.edu.vn\/index.php?rest_route=%2Fwp%2Fv2%2Fcomments&post=15872"}],"version-history":[{"count":4,"href":"https:\/\/iser.hueuni.edu.vn\/index.php?rest_route=\/wp\/v2\/pages\/15872\/revisions"}],"predecessor-version":[{"id":15876,"href":"https:\/\/iser.hueuni.edu.vn\/index.php?rest_route=\/wp\/v2\/pages\/15872\/revisions\/15876"}],"wp:attachment":[{"href":"https:\/\/iser.hueuni.edu.vn\/index.php?rest_route=%2Fwp%2Fv2%2Fmedia&parent=15872"}],"curies":[{"name":"wp","href":"https:\/\/api.w.org\/{rel}","templated":true}]}}