{"id":15782,"date":"2025-01-09T09:33:48","date_gmt":"2025-01-09T02:33:48","guid":{"rendered":"https:\/\/iser.hueuni.edu.vn\/?page_id=15782"},"modified":"2025-01-09T10:52:12","modified_gmt":"2025-01-09T03:52:12","slug":"elementor-15782","status":"publish","type":"page","link":"https:\/\/iser.hueuni.edu.vn\/?page_id=15782","title":{"rendered":"Ch\u1ee9c n\u0103ng, nhi\u1ec7m v\u1ee5"},"content":{"rendered":"\t\t<div data-elementor-type=\"wp-page\" data-elementor-id=\"15782\" class=\"elementor elementor-15782\">\n\t\t\t\t<div class=\"elementor-element elementor-element-2ad585d4 e-con-full e-flex e-con e-parent\" data-id=\"2ad585d4\" data-element_type=\"container\" data-settings=\"{&quot;background_background&quot;:&quot;classic&quot;}\">\n\t\t<div class=\"elementor-element elementor-element-acc41bc e-con-full e-flex e-con e-child\" data-id=\"acc41bc\" data-element_type=\"container\">\n\t\t\t\t<div class=\"elementor-element elementor-element-130532de elementor-widget elementor-widget-image\" data-id=\"130532de\" data-element_type=\"widget\" data-widget_type=\"image.default\">\n\t\t\t\t<div class=\"elementor-widget-container\">\n\t\t\t\t\t\t\t\t\t\t\t\t\t\t\t<img fetchpriority=\"high\" decoding=\"async\" width=\"640\" height=\"374\" src=\"https:\/\/iser.hueuni.edu.vn\/wp-content\/uploads\/2024\/12\/20240904_161639_5439d48c0bb7ace9f5a6.jpg\" class=\"attachment-large size-large wp-image-15713\" alt=\"\" srcset=\"https:\/\/iser.hueuni.edu.vn\/wp-content\/uploads\/2024\/12\/20240904_161639_5439d48c0bb7ace9f5a6.jpg 1024w, https:\/\/iser.hueuni.edu.vn\/wp-content\/uploads\/2024\/12\/20240904_161639_5439d48c0bb7ace9f5a6-300x175.jpg 300w, https:\/\/iser.hueuni.edu.vn\/wp-content\/uploads\/2024\/12\/20240904_161639_5439d48c0bb7ace9f5a6-768x449.jpg 768w, https:\/\/iser.hueuni.edu.vn\/wp-content\/uploads\/2024\/12\/20240904_161639_5439d48c0bb7ace9f5a6-600x350.jpg 600w\" sizes=\"(max-width: 640px) 100vw, 640px\" \/>\t\t\t\t\t\t\t\t\t\t\t\t\t\t\t<\/div>\n\t\t\t\t<\/div>\n\t\t\t\t<\/div>\n\t\t<div class=\"elementor-element elementor-element-6e279146 e-con-full e-flex e-con e-child\" data-id=\"6e279146\" data-element_type=\"container\">\n\t\t\t\t<div class=\"elementor-element elementor-element-5723912 elementor-widget elementor-widget-heading\" data-id=\"5723912\" data-element_type=\"widget\" data-widget_type=\"heading.default\">\n\t\t\t\t<div class=\"elementor-widget-container\">\n\t\t\t\t\t<h2 class=\"elementor-heading-title elementor-size-default\">Ch\u1ee9c n\u0103ng<\/h2>\t\t\t\t<\/div>\n\t\t\t\t<\/div>\n\t\t\t\t<div class=\"elementor-element elementor-element-5be94150 elementor-widget elementor-widget-text-editor\" data-id=\"5be94150\" data-element_type=\"widget\" data-widget_type=\"text-editor.default\">\n\t\t\t\t<div class=\"elementor-widget-container\">\n\t\t\t\t\t\t\t\t\t<p>Vi\u1ec7n c\u00f3 ch\u1ee9c n\u0103ng nghi\u00ean c\u1ee9u, t\u01b0 v\u1ea5n, ph\u1ea3n bi\u1ec7n, \u0111\u1ecbnh h\u01b0\u1edbng, d\u1ef1 b\u00e1o c\u00e1c n\u1ed9i dung li\u00ean quan trong l\u0129nh v\u1ef1c kinh t\u1ebf &#8211; x\u00e3 h\u1ed9i, li\u00ean k\u1ebft v\u00f9ng; nghi\u00ean c\u1ee9u v\u00e0 cung \u1ee9ng d\u1ecbch v\u1ee5 t\u01b0 v\u1ea5n l\u0129nh v\u1ef1c qu\u1ea3n l\u00fd b\u1ea3o t\u1ed3n t\u00e0i nguy\u00ean &#8211; m\u00f4i tr\u01b0\u1eddng, bi\u1ebfn \u0111\u1ed5i kh\u00ed h\u1eadu, n\u00f4ng nghi\u1ec7p &#8211; n\u00f4ng th\u00f4n; \u0111\u00e0o t\u1ea1o ng\u1eafn h\u1ea1n, b\u1ed3i d\u01b0\u1ee1ng, chuy\u1ec3n giao c\u00f4ng ngh\u1ec7, h\u1ee3p t\u00e1c, cung c\u1ea5p t\u00e0i li\u1ec7u, th\u00f4ng tin kinh t\u1ebf &#8211; x\u00e3 h\u1ed9i, qu\u1ea3n l\u00fd b\u1ea3o t\u1ed3n t\u00e0i nguy\u00ean &#8211; m\u00f4i tr\u01b0\u1eddng v\u00e0 bi\u1ebfn \u0111\u1ed5i kh\u00ed h\u1eadu, n\u00f4ng nghi\u1ec7p &#8211; n\u00f4ng th\u00f4n.<\/p>\t\t\t\t\t\t\t\t<\/div>\n\t\t\t\t<\/div>\n\t\t\t\t<\/div>\n\t\t\t\t<\/div>\n\t\t<div class=\"elementor-element elementor-element-2ae5925 e-con-full e-flex e-con e-parent\" data-id=\"2ae5925\" data-element_type=\"container\" data-settings=\"{&quot;background_background&quot;:&quot;classic&quot;}\">\n\t\t<div class=\"elementor-element elementor-element-206981fa e-con-full e-flex e-con e-child\" data-id=\"206981fa\" data-element_type=\"container\">\n\t\t\t\t<div class=\"elementor-element elementor-element-51a4ed24 elementor-widget elementor-widget-heading\" data-id=\"51a4ed24\" data-element_type=\"widget\" data-widget_type=\"heading.default\">\n\t\t\t\t<div class=\"elementor-widget-container\">\n\t\t\t\t\t<h1 class=\"elementor-heading-title elementor-size-default\">Nhi\u1ec7m v\u1ee5<\/h1>\t\t\t\t<\/div>\n\t\t\t\t<\/div>\n\t\t\t\t<div class=\"elementor-element elementor-element-0224b17 elementor-widget elementor-widget-text-editor\" data-id=\"0224b17\" data-element_type=\"widget\" data-widget_type=\"text-editor.default\">\n\t\t\t\t<div class=\"elementor-widget-container\">\n\t\t\t\t\t\t\t\t\t<p>1. Nghi\u00ean c\u1ee9u th\u00f4ng qua c\u00e1c ch\u01b0\u01a1ng tr\u00ecnh, d\u1ef1 \u00e1n, \u0111\u1ec1 t\u00e0i khoa h\u1ecdc v\u00e0 c\u00f4ng ngh\u1ec7 trong l\u0129nh v\u1ef1c kinh t\u1ebf &#8211; x\u00e3 h\u1ed9i, li\u00ean k\u1ebft v\u00f9ng. Nghi\u00ean c\u1ee9u khoa h\u1ecdc v\u00e0 chuy\u1ec3n giao c\u00f4ng ngh\u1ec7 thu\u1ed9c c\u00e1c l\u0129nh v\u1ef1c t\u00e0i nguy\u00ean &#8211; m\u00f4i tr\u01b0\u1eddng, n\u00f4ng nghi\u1ec7p &#8211; n\u00f4ng th\u00f4n v\u00e0o s\u1ea3n xu\u1ea5t v\u00e0 \u0111\u1eddi s\u1ed1ng.<\/p><p>2. Nghi\u00ean c\u1ee9u, kh\u1ea3o s\u00e1t, \u0111\u00e1nh gi\u00e1 vi\u1ec7c tri\u1ec3n khai th\u1ef1c hi\u1ec7n c\u00e1c c\u01a1 ch\u1ebf, ch\u00ednh s\u00e1ch ph\u00e1t tri\u1ec3n kinh t\u1ebf &#8211; x\u00e3 h\u1ed9i tr\u00ean \u0111\u1ecba b\u00e0n c\u00e1c t\u1ec9nh mi\u1ec1n Trung &#8211; T\u00e2y Nguy\u00ean v\u00e0 c\u1ea3 n\u01b0\u1edbc; \u0111\u1ec1 xu\u1ea5t gi\u1ea3i ph\u00e1p, c\u01a1 ch\u1ebf, ch\u00ednh s\u00e1ch ph\u00f9 h\u1ee3p.<\/p>\t\t\t\t\t\t\t\t<\/div>\n\t\t\t\t<\/div>\n\t\t\t\t<\/div>\n\t\t<div class=\"elementor-element elementor-element-6085704 e-con-full e-flex e-con e-child\" data-id=\"6085704\" data-element_type=\"container\">\n\t\t\t\t<div class=\"elementor-element elementor-element-2e071729 elementor-widget elementor-widget-image\" data-id=\"2e071729\" data-element_type=\"widget\" data-widget_type=\"image.default\">\n\t\t\t\t<div class=\"elementor-widget-container\">\n\t\t\t\t\t\t\t\t\t\t\t\t\t\t\t<img decoding=\"async\" width=\"640\" height=\"369\" src=\"https:\/\/iser.hueuni.edu.vn\/wp-content\/uploads\/2023\/12\/Faculty-annoucement-11.png\" class=\"attachment-large size-large wp-image-15365\" alt=\"\" srcset=\"https:\/\/iser.hueuni.edu.vn\/wp-content\/uploads\/2023\/12\/Faculty-annoucement-11.png 970w, https:\/\/iser.hueuni.edu.vn\/wp-content\/uploads\/2023\/12\/Faculty-annoucement-11-300x173.png 300w, https:\/\/iser.hueuni.edu.vn\/wp-content\/uploads\/2023\/12\/Faculty-annoucement-11-768x443.png 768w, https:\/\/iser.hueuni.edu.vn\/wp-content\/uploads\/2023\/12\/Faculty-annoucement-11-600x346.png 600w\" sizes=\"(max-width: 640px) 100vw, 640px\" \/>\t\t\t\t\t\t\t\t\t\t\t\t\t\t\t<\/div>\n\t\t\t\t<\/div>\n\t\t\t\t<\/div>\n\t\t\t\t<\/div>\n\t\t<div class=\"elementor-element elementor-element-5d9e1513 e-con-full e-flex e-con e-parent\" data-id=\"5d9e1513\" data-element_type=\"container\" data-settings=\"{&quot;background_background&quot;:&quot;classic&quot;}\">\n\t\t<div class=\"elementor-element elementor-element-35ad0370 e-con-full e-flex e-con e-child\" data-id=\"35ad0370\" data-element_type=\"container\">\n\t\t\t\t<div class=\"elementor-element elementor-element-7e2b9966 elementor-widget elementor-widget-heading\" data-id=\"7e2b9966\" data-element_type=\"widget\" data-widget_type=\"heading.default\">\n\t\t\t\t<div class=\"elementor-widget-container\">\n\t\t\t\t\t<h2 class=\"elementor-heading-title elementor-size-default\">Nhi\u1ec7m v\u1ee5<\/h2>\t\t\t\t<\/div>\n\t\t\t\t<\/div>\n\t\t\t\t<div class=\"elementor-element elementor-element-5e4c02f1 elementor-widget elementor-widget-text-editor\" data-id=\"5e4c02f1\" data-element_type=\"widget\" data-widget_type=\"text-editor.default\">\n\t\t\t\t<div class=\"elementor-widget-container\">\n\t\t\t\t\t\t\t\t\t<p>3. Cung c\u1ea5p d\u1ecbch v\u1ee5 t\u01b0 v\u1ea5n, ph\u1ea3n bi\u1ec7n ch\u00ednh s\u00e1ch v\u1ec1 ph\u00e1t tri\u1ec3n kinh t\u1ebf &#8211; x\u00e3 h\u1ed9i. T\u01b0 v\u1ea5n x\u00e2y d\u1ef1ng, ph\u1ed1i h\u1ee3p th\u1ea9m \u0111\u1ecbnh c\u00e1c d\u1ef1 \u00e1n trong l\u0129nh v\u1ef1c t\u00e0i nguy\u00ean &#8211; m\u00f4i tr\u01b0\u1eddng, n\u00f4ng nghi\u1ec7p &#8211; n\u00f4ng th\u00f4n. Th\u1ef1c hi\u1ec7n ho\u1ea1t \u0111\u1ed9ng d\u1ecbch v\u1ee5 quan tr\u1eafc m\u00f4i tr\u01b0\u1eddng v\u00e0 c\u00e1c d\u1ecbch v\u1ee5 kh\u00e1c trong ph\u1ea1m vi ch\u1ee9c n\u0103ng, nhi\u1ec7m v\u1ee5 \u0111\u01b0\u1ee3c giao theo quy \u0111\u1ecbnh c\u1ee7a ph\u00e1p lu\u1eadt.<\/p><p>4. T\u1ed5 ch\u1ee9c \u0111\u00e0o t\u1ea1o ng\u1eafn h\u1ea1n, b\u1ed3i d\u01b0\u1ee1ng n\u00e2ng cao n\u0103ng l\u1ef1c cho c\u00e1n b\u1ed9 nghi\u00ean c\u1ee9u, c\u00e1c nh\u00e0 qu\u1ea3n l\u00fd kinh t\u1ebf &#8211; x\u00e3 h\u1ed9i thu\u1ed9c ch\u1ee9c n\u0103ng c\u1ee7a Vi\u1ec7n \u1edf khu v\u1ef1c mi\u1ec1n Trung &#8211; T\u00e2y Nguy\u00ean v\u00e0 c\u1ea3 n\u01b0\u1edbc theo quy \u0111\u1ecbnh c\u1ee7a \u0110\u1ea1i h\u1ecdc Hu\u1ebf v\u00e0 c\u1ee7a ph\u00e1p lu\u1eadt.<\/p>\t\t\t\t\t\t\t\t<\/div>\n\t\t\t\t<\/div>\n\t\t\t\t<\/div>\n\t\t<div class=\"elementor-element elementor-element-20451b6c e-con-full e-flex e-con e-child\" data-id=\"20451b6c\" data-element_type=\"container\">\n\t\t\t\t<div class=\"elementor-element elementor-element-11274be9 elementor-widget elementor-widget-image\" data-id=\"11274be9\" data-element_type=\"widget\" data-widget_type=\"image.default\">\n\t\t\t\t<div class=\"elementor-widget-container\">\n\t\t\t\t\t\t\t\t\t\t\t\t\t\t\t<img decoding=\"async\" width=\"630\" height=\"410\" src=\"https:\/\/iser.hueuni.edu.vn\/wp-content\/uploads\/2023\/12\/research-box-6.jpg\" class=\"attachment-large size-large wp-image-15588\" alt=\"\" srcset=\"https:\/\/iser.hueuni.edu.vn\/wp-content\/uploads\/2023\/12\/research-box-6.jpg 630w, https:\/\/iser.hueuni.edu.vn\/wp-content\/uploads\/2023\/12\/research-box-6-300x195.jpg 300w, https:\/\/iser.hueuni.edu.vn\/wp-content\/uploads\/2023\/12\/research-box-6-600x390.jpg 600w\" sizes=\"(max-width: 630px) 100vw, 630px\" \/>\t\t\t\t\t\t\t\t\t\t\t\t\t\t\t<\/div>\n\t\t\t\t<\/div>\n\t\t\t\t<\/div>\n\t\t\t\t<\/div>\n\t\t<div class=\"elementor-element elementor-element-3dbb663d e-con-full e-flex e-con e-parent\" data-id=\"3dbb663d\" data-element_type=\"container\" data-settings=\"{&quot;background_background&quot;:&quot;classic&quot;}\">\n\t\t<div class=\"elementor-element elementor-element-6498b9b2 e-con-full e-flex e-con e-child\" data-id=\"6498b9b2\" data-element_type=\"container\">\n\t\t\t\t<div class=\"elementor-element elementor-element-7a50a921 elementor-widget elementor-widget-heading\" data-id=\"7a50a921\" data-element_type=\"widget\" data-widget_type=\"heading.default\">\n\t\t\t\t<div class=\"elementor-widget-container\">\n\t\t\t\t\t<h2 class=\"elementor-heading-title elementor-size-default\">Nhi\u1ec7m v\u1ee5<\/h2>\t\t\t\t<\/div>\n\t\t\t\t<\/div>\n\t\t\t\t<div class=\"elementor-element elementor-element-55eea2e5 elementor-widget elementor-widget-text-editor\" data-id=\"55eea2e5\" data-element_type=\"widget\" data-widget_type=\"text-editor.default\">\n\t\t\t\t<div class=\"elementor-widget-container\">\n\t\t\t\t\t\t\t\t\t<ol start=\"5\"><li>H\u1ee3p t\u00e1c, k\u1ebft n\u1ed1i c\u00e1c c\u01a1 s\u1edf gi\u00e1o d\u1ee5c \u0111\u1ea1i h\u1ecdc, t\u1ed5 ch\u1ee9c khoa h\u1ecdc v\u00e0 c\u00f4ng ngh\u1ec7, c\u01a1 quan, \u0111\u01a1n v\u1ecb trong v\u00e0 ngo\u00e0i n\u01b0\u1edbc t\u1ed5 ch\u1ee9c h\u1ed9i ngh\u1ecb, h\u1ed9i th\u1ea3o khoa h\u1ecdc, h\u1ee3p t\u00e1c nghi\u00ean c\u1ee9u khoa h\u1ecdc, li\u00ean k\u1ebft, \u0111\u1ea7u t\u01b0 th\u1eed nghi\u1ec7m, ph\u00e1t tri\u1ec3n k\u1ef9 thu\u1eadt, d\u1ecbch v\u1ee5 khoa h\u1ecdc v\u00e0 c\u00f4ng ngh\u1ec7 m\u00f4i tr\u01b0\u1eddng, n\u00f4ng nghi\u1ec7p &#8211; n\u00f4ng th\u00f4n.<\/li><\/ol>\t\t\t\t\t\t\t\t<\/div>\n\t\t\t\t<\/div>\n\t\t\t\t<\/div>\n\t\t<div class=\"elementor-element elementor-element-119fcb7d e-con-full e-flex e-con e-child\" data-id=\"119fcb7d\" data-element_type=\"container\">\n\t\t\t\t<div class=\"elementor-element elementor-element-55c5dab9 elementor-widget elementor-widget-image\" data-id=\"55c5dab9\" data-element_type=\"widget\" data-widget_type=\"image.default\">\n\t\t\t\t<div class=\"elementor-widget-container\">\n\t\t\t\t\t\t\t\t\t\t\t\t\t\t\t<img loading=\"lazy\" decoding=\"async\" width=\"640\" height=\"369\" src=\"https:\/\/iser.hueuni.edu.vn\/wp-content\/uploads\/2023\/12\/Alumni-3.png\" class=\"attachment-large size-large wp-image-15375\" alt=\"\" srcset=\"https:\/\/iser.hueuni.edu.vn\/wp-content\/uploads\/2023\/12\/Alumni-3.png 970w, https:\/\/iser.hueuni.edu.vn\/wp-content\/uploads\/2023\/12\/Alumni-3-300x173.png 300w, https:\/\/iser.hueuni.edu.vn\/wp-content\/uploads\/2023\/12\/Alumni-3-768x443.png 768w, https:\/\/iser.hueuni.edu.vn\/wp-content\/uploads\/2023\/12\/Alumni-3-600x346.png 600w\" sizes=\"(max-width: 640px) 100vw, 640px\" \/>\t\t\t\t\t\t\t\t\t\t\t\t\t\t\t<\/div>\n\t\t\t\t<\/div>\n\t\t\t\t<\/div>\n\t\t\t\t<\/div>\n\t\t\t\t<\/div>\n\t\t","protected":false},"excerpt":{"rendered":"<p>Ch\u1ee9c n\u0103ng Vi\u1ec7n c\u00f3 ch\u1ee9c n\u0103ng nghi\u00ean c\u1ee9u, t\u01b0 v\u1ea5n, ph\u1ea3n bi\u1ec7n, \u0111\u1ecbnh h\u01b0\u1edbng, d\u1ef1 b\u00e1o c\u00e1c n\u1ed9i dung li\u00ean quan trong l\u0129nh v\u1ef1c kinh t\u1ebf &#8211; x\u00e3 h\u1ed9i, li\u00ean k\u1ebft v\u00f9ng; nghi\u00ean c\u1ee9u v\u00e0 cung \u1ee9ng d\u1ecbch v\u1ee5 t\u01b0 &hellip; <\/p>\n","protected":false},"author":1,"featured_media":0,"parent":0,"menu_order":0,"comment_status":"closed","ping_status":"closed","template":"","meta":{"footnotes":""},"class_list":["post-15782","page","type-page","status-publish","hentry"],"_links":{"self":[{"href":"https:\/\/iser.hueuni.edu.vn\/index.php?rest_route=\/wp\/v2\/pages\/15782","targetHints":{"allow":["GET"]}}],"collection":[{"href":"https:\/\/iser.hueuni.edu.vn\/index.php?rest_route=\/wp\/v2\/pages"}],"about":[{"href":"https:\/\/iser.hueuni.edu.vn\/index.php?rest_route=\/wp\/v2\/types\/page"}],"author":[{"embeddable":true,"href":"https:\/\/iser.hueuni.edu.vn\/index.php?rest_route=\/wp\/v2\/users\/1"}],"replies":[{"embeddable":true,"href":"https:\/\/iser.hueuni.edu.vn\/index.php?rest_route=%2Fwp%2Fv2%2Fcomments&post=15782"}],"version-history":[{"count":13,"href":"https:\/\/iser.hueuni.edu.vn\/index.php?rest_route=\/wp\/v2\/pages\/15782\/revisions"}],"predecessor-version":[{"id":15814,"href":"https:\/\/iser.hueuni.edu.vn\/index.php?rest_route=\/wp\/v2\/pages\/15782\/revisions\/15814"}],"wp:attachment":[{"href":"https:\/\/iser.hueuni.edu.vn\/index.php?rest_route=%2Fwp%2Fv2%2Fmedia&parent=15782"}],"curies":[{"name":"wp","href":"https:\/\/api.w.org\/{rel}","templated":true}]}}