{"id":14674,"date":"2023-12-04T03:07:30","date_gmt":"2023-12-04T03:07:30","guid":{"rendered":"https:\/\/eduma.thimpress.com\/university\/?page_id=14674"},"modified":"2025-01-10T16:34:00","modified_gmt":"2025-01-10T09:34:00","slug":"academics","status":"publish","type":"page","link":"https:\/\/iser.hueuni.edu.vn\/?page_id=14674","title":{"rendered":"\u0110\u00e0o t\u1ea1o"},"content":{"rendered":"\t\t<div data-elementor-type=\"wp-page\" data-elementor-id=\"14674\" class=\"elementor elementor-14674\">\n\t\t\t\t<div class=\"elementor-element elementor-element-b92ff4a e-flex e-con-boxed e-con e-parent\" data-id=\"b92ff4a\" data-element_type=\"container\">\n\t\t\t\t\t<div class=\"e-con-inner\">\n\t\t<div class=\"elementor-element elementor-element-096b5e4 e-con-full e-flex e-con e-child\" data-id=\"096b5e4\" data-element_type=\"container\">\n\t\t\t\t<div class=\"elementor-element elementor-element-480062e elementor-widget thim-ekits-heading elementor-widget-thim-heading\" data-id=\"480062e\" data-element_type=\"widget\" data-widget_type=\"thim-heading.default\">\n\t\t\t\t<div class=\"elementor-widget-container\">\n\t\t\t\t\t<div class=\"sc_heading\"><div class=\"sub-heading\"><p>T\u1ea1i ISER, ch\u00fang t\u00f4i coi \u0111\u1ea1i h\u1ecdc l\u00e0 th\u1eddi gian \u0111\u1ec3 sinh vi\u00ean kh\u00e1m ph\u00e1, r\u00e8n luy\u1ec7n tr\u00ed t\u00f2 m\u00f2 v\u00e0 kh\u00e1m ph\u00e1 nh\u1eefng s\u1edf th\u00edch v\u00e0 kh\u1ea3 n\u0103ng m\u1edbi.<\/p>\n<p>Ch\u00fang t\u00f4i cung c\u1ea5p cho sinh vi\u00ean m\u1ed9t m\u00f4i tr\u01b0\u1eddng nh\u1eadp vai, h\u1ee3p t\u00e1c v\u00e0 truy\u1ec1n c\u1ea3m h\u1ee9ng, n\u01a1i h\u1ecd c\u00f3 th\u1ec3 ph\u00e1t tri\u1ec3n tr\u00ed tu\u1ec7 c\u00f3 hi\u1ec3u bi\u1ebft r\u1ed9ng, c\u00f3 k\u1ef7 lu\u1eadt cao, gi\u00fap h\u1ecd th\u00e0nh c\u00f4ng trong b\u1ea5t k\u1ef3 c\u00f4ng vi\u1ec7c n\u00e0o m\u00e0 h\u1ecd l\u1ef1a ch\u1ecdn.<\/p>\n<p>Sinh vi\u00ean c\u1ee7a ch\u00fang t\u00f4i t\u1ed1t nghi\u1ec7p v\u1edbi c\u00e1c gi\u00e1 tr\u1ecb v\u00e0 ki\u1ebfn \u200b\u200bth\u1ee9c c\u1ea7n thi\u1ebft \u0111\u1ec3 theo \u0111u\u1ed5i c\u00f4ng vi\u1ec7c c\u00f3 \u00fd ngh\u0129a, t\u00ecm th\u1ea5y ni\u1ec1m \u0111am m\u00ea trong vi\u1ec7c h\u1ecdc t\u1eadp su\u1ed1t \u0111\u1eddi v\u00e0 s\u1ed1ng m\u1ed9t cu\u1ed9c s\u1ed1ng th\u00e0nh c\u00f4ng v\u00e0 c\u00f3 m\u1ee5c \u0111\u00edch.<\/p>\n<\/div><\/div>\t\t\t\t<\/div>\n\t\t\t\t<\/div>\n\t\t\t\t<div class=\"elementor-element elementor-element-eea968b iconbox--mobiletext-left iconbox-text-left elementor-widget elementor-widget-thim-icon-box\" data-id=\"eea968b\" data-element_type=\"widget\" data-widget_type=\"thim-icon-box.default\">\n\t\t\t\t<div class=\"elementor-widget-container\">\n\t\t\t\t\t<div class=\"thim-widget-icon-box\"><div class=\"wrapper-box-icon has_custom_image text-left \"><div class=\"smicon-box iconbox-left\"><div class=\"boxes-icon\"><a class=\"icon-box-link\" href=\"https:\/\/iser.hueuni.edu.vn\/academics-detail\/\" target=\"_blank\" rel=\"nofollow\"><span class=\"inner-icon\"><span class=\"icon icon-images\"><img fetchpriority=\"high\" decoding=\"async\" src=\"https:\/\/iser.hueuni.edu.vn\/wp-content\/uploads\/2023\/12\/academic-box-1.jpg\" alt=\"academic-box-1\" title=\"academic-box-1\"  width=\"500\" height=\"333\"><\/span><\/span><\/a><\/div><div class=\"content-inner\"><div class=\"sc-heading\"><h2 class=\"heading__primary\"><a class=\"icon-box-link\" href=\"https:\/\/iser.hueuni.edu.vn\/academics-detail\/\" target=\"_blank\" rel=\"nofollow\">Undergraduate Study<\/a><\/h2><\/div><div class=\"desc-icon-box\"><div class=\"desc-content\">Our advanced degree programs are close-knit communities with access to vast resources.\n\nAll undergraduates attend Yale College, an intimate learning environment offering instruction in the liberal arts and sciences.<\/div><a class=\"smicon-read sc-btn\" href=\"https:\/\/iser.hueuni.edu.vn\/academics-detail\/\" target=\"_blank\" rel=\"nofollow\">Read More <i class=\"fa fa-chevron-right\"><\/i><\/a><\/div><\/div><\/div><\/div><\/div>\t\t\t\t<\/div>\n\t\t\t\t<\/div>\n\t\t\t\t<div class=\"elementor-element elementor-element-f961949 iconbox-text-left elementor-widget elementor-widget-thim-icon-box\" data-id=\"f961949\" data-element_type=\"widget\" data-widget_type=\"thim-icon-box.default\">\n\t\t\t\t<div class=\"elementor-widget-container\">\n\t\t\t\t\t<div class=\"thim-widget-icon-box\"><div class=\"wrapper-box-icon has_custom_image text-left \"><div class=\"smicon-box iconbox-left\"><div class=\"boxes-icon\"><a class=\"icon-box-link\" href=\"https:\/\/iser.hueuni.edu.vn\/academics-detail\/\" target=\"_blank\" rel=\"nofollow\"><span class=\"inner-icon\"><span class=\"icon icon-images\"><img decoding=\"async\" src=\"https:\/\/iser.hueuni.edu.vn\/wp-content\/uploads\/2023\/12\/academic-box-2.jpg\" alt=\"academic-box-2\" title=\"academic-box-2\"  width=\"500\" height=\"333\"><\/span><\/span><\/a><\/div><div class=\"content-inner\"><div class=\"sc-heading\"><h2 class=\"heading__primary\"><a class=\"icon-box-link\" href=\"https:\/\/iser.hueuni.edu.vn\/academics-detail\/\" target=\"_blank\" rel=\"nofollow\">C\u00e1c Khoa v\u00e0 Ch\u01b0\u01a1ng tr\u00ecnh<\/a><\/h2><\/div><div class=\"desc-icon-box\"><div class=\"desc-content\">C\u00e1c ch\u01b0\u01a1ng tr\u00ecnh c\u1ea5p b\u1eb1ng n\u00e2ng cao c\u1ee7a ch\u00fang t\u00f4i l\u00e0 nh\u1eefng c\u1ed9ng \u0111\u1ed3ng g\u1eafn k\u1ebft ch\u1eb7t ch\u1ebd v\u1edbi quy\u1ec1n truy c\u1eadp v\u00e0o c\u00e1c ngu\u1ed3n t\u00e0i nguy\u00ean r\u1ed9ng l\u1edbn.<br>\n\nT\u1ea5t c\u1ea3 sinh vi\u00ean\/h\u1ecdc vi\u00ean \u0111\u1ec1u theo h\u1ecdc t\u1ea1i Vi\u1ec7n, m\u1ed9t m\u00f4i tr\u01b0\u1eddng h\u1ecdc t\u1eadp th\u00e2n m\u1eadt cung c\u1ea5p h\u01b0\u1edbng d\u1eabn v\u1ec1 ngh\u1ec7 thu\u1eadt t\u1ef1 do v\u00e0 khoa h\u1ecdc.<\/div><a class=\"smicon-read sc-btn\" href=\"https:\/\/iser.hueuni.edu.vn\/academics-detail\/\" target=\"_blank\" rel=\"nofollow\">Read More <i class=\"fa fa-chevron-right\"><\/i><\/a><\/div><\/div><\/div><\/div><\/div>\t\t\t\t<\/div>\n\t\t\t\t<\/div>\n\t\t\t\t<div class=\"elementor-element elementor-element-ac7204e iconbox-text-left elementor-widget elementor-widget-thim-icon-box\" data-id=\"ac7204e\" data-element_type=\"widget\" data-widget_type=\"thim-icon-box.default\">\n\t\t\t\t<div class=\"elementor-widget-container\">\n\t\t\t\t\t<div class=\"thim-widget-icon-box\"><div class=\"wrapper-box-icon has_custom_image text-left \"><div class=\"smicon-box iconbox-left\"><div class=\"boxes-icon\"><a class=\"icon-box-link\" href=\"https:\/\/iser.hueuni.edu.vn\/academics-detail\/\" target=\"_blank\" rel=\"nofollow\"><span class=\"inner-icon\"><span class=\"icon icon-images\"><img decoding=\"async\" src=\"https:\/\/iser.hueuni.edu.vn\/wp-content\/uploads\/2023\/12\/academic-box-6-1.jpg\" alt=\"academic-box-6\" title=\"academic-box-6\"  width=\"500\" height=\"333\"><\/span><\/span><\/a><\/div><div class=\"content-inner\"><div class=\"sc-heading\"><h2 class=\"heading__primary\"><a class=\"icon-box-link\" href=\"https:\/\/iser.hueuni.edu.vn\/academics-detail\/\" target=\"_blank\" rel=\"nofollow\">H\u1ecdc t\u1eadp sau \u0111\u1ea1i h\u1ecdc v\u00e0 chuy\u00ean nghi\u1ec7p<\/a><\/h2><\/div><div class=\"desc-icon-box\"><div class=\"desc-content\">C\u00e1c ch\u01b0\u01a1ng tr\u00ecnh c\u1ea5p b\u1eb1ng n\u00e2ng cao c\u1ee7a ch\u00fang t\u00f4i l\u00e0 nh\u1eefng c\u1ed9ng \u0111\u1ed3ng g\u1eafn k\u1ebft ch\u1eb7t ch\u1ebd v\u1edbi quy\u1ec1n truy c\u1eadp v\u00e0o c\u00e1c ngu\u1ed3n t\u00e0i nguy\u00ean r\u1ed9ng l\u1edbn.<br>\n\nT\u1ea5t c\u1ea3 sinh vi\u00ean\/h\u1ecdc vi\u00ean \u0111\u1ec1u theo h\u1ecdc t\u1ea1i Vi\u1ec7n, m\u1ed9t m\u00f4i tr\u01b0\u1eddng h\u1ecdc t\u1eadp th\u00e2n m\u1eadt cung c\u1ea5p h\u01b0\u1edbng d\u1eabn v\u1ec1 ngh\u1ec7 thu\u1eadt t\u1ef1 do v\u00e0 khoa h\u1ecdc.<\/div><a class=\"smicon-read sc-btn\" href=\"https:\/\/iser.hueuni.edu.vn\/academics-detail\/\" target=\"_blank\" rel=\"nofollow\">Read More <i class=\"fa fa-chevron-right\"><\/i><\/a><\/div><\/div><\/div><\/div><\/div>\t\t\t\t<\/div>\n\t\t\t\t<\/div>\n\t\t\t\t<div class=\"elementor-element elementor-element-f5fa4bc iconbox-text-left elementor-widget elementor-widget-thim-icon-box\" data-id=\"f5fa4bc\" data-element_type=\"widget\" data-widget_type=\"thim-icon-box.default\">\n\t\t\t\t<div class=\"elementor-widget-container\">\n\t\t\t\t\t<div class=\"thim-widget-icon-box\"><div class=\"wrapper-box-icon has_custom_image text-left \"><div class=\"smicon-box iconbox-left\"><div class=\"boxes-icon\"><a class=\"icon-box-link\" href=\"https:\/\/iser.hueuni.edu.vn\/academics-detail\/\" target=\"_blank\" rel=\"nofollow\"><span class=\"inner-icon\"><span class=\"icon icon-images\"><img loading=\"lazy\" decoding=\"async\" src=\"https:\/\/iser.hueuni.edu.vn\/wp-content\/uploads\/2023\/12\/academic-box-3.jpg\" alt=\"academic-box-3\" title=\"academic-box-3\"  width=\"500\" height=\"333\"><\/span><\/span><\/a><\/div><div class=\"content-inner\"><div class=\"sc-heading\"><h2 class=\"heading__primary\"><a class=\"icon-box-link\" href=\"https:\/\/iser.hueuni.edu.vn\/academics-detail\/\" target=\"_blank\" rel=\"nofollow\">Gi\u00e1o d\u1ee5c to\u00e0n c\u1ea7u<\/a><\/h2><\/div><div class=\"desc-icon-box\"><div class=\"desc-content\">C\u00e1c ch\u01b0\u01a1ng tr\u00ecnh c\u1ea5p b\u1eb1ng n\u00e2ng cao c\u1ee7a ch\u00fang t\u00f4i l\u00e0 nh\u1eefng c\u1ed9ng \u0111\u1ed3ng g\u1eafn k\u1ebft ch\u1eb7t ch\u1ebd v\u1edbi quy\u1ec1n truy c\u1eadp v\u00e0o c\u00e1c ngu\u1ed3n t\u00e0i nguy\u00ean r\u1ed9ng l\u1edbn.<br>\n\nT\u1ea5t c\u1ea3 sinh vi\u00ean\/h\u1ecdc vi\u00ean \u0111\u1ec1u theo h\u1ecdc t\u1ea1i Vi\u1ec7n, m\u1ed9t m\u00f4i tr\u01b0\u1eddng h\u1ecdc t\u1eadp th\u00e2n m\u1eadt cung c\u1ea5p h\u01b0\u1edbng d\u1eabn v\u1ec1 ngh\u1ec7 thu\u1eadt t\u1ef1 do v\u00e0 khoa h\u1ecdc.<\/div><a class=\"smicon-read sc-btn\" href=\"https:\/\/iser.hueuni.edu.vn\/academics-detail\/\" target=\"_blank\" rel=\"nofollow\">Read More <i class=\"fa fa-chevron-right\"><\/i><\/a><\/div><\/div><\/div><\/div><\/div>\t\t\t\t<\/div>\n\t\t\t\t<\/div>\n\t\t\t\t<div class=\"elementor-element elementor-element-9b2b6a8 iconbox-text-left elementor-widget elementor-widget-thim-icon-box\" data-id=\"9b2b6a8\" data-element_type=\"widget\" data-widget_type=\"thim-icon-box.default\">\n\t\t\t\t<div class=\"elementor-widget-container\">\n\t\t\t\t\t<div class=\"thim-widget-icon-box\"><div class=\"wrapper-box-icon has_custom_image text-left \"><div class=\"smicon-box iconbox-left\"><div class=\"boxes-icon\"><a class=\"icon-box-link\" href=\"https:\/\/iser.hueuni.edu.vn\/academics-detail\/\" target=\"_blank\" rel=\"nofollow\"><span class=\"inner-icon\"><span class=\"icon icon-images\"><img loading=\"lazy\" decoding=\"async\" src=\"https:\/\/iser.hueuni.edu.vn\/wp-content\/uploads\/2023\/12\/academic-box-4.jpg\" alt=\"academic-box-4\" title=\"academic-box-4\"  width=\"500\" height=\"333\"><\/span><\/span><\/a><\/div><div class=\"content-inner\"><div class=\"sc-heading\"><h2 class=\"heading__primary\"><a class=\"icon-box-link\" href=\"https:\/\/iser.hueuni.edu.vn\/academics-detail\/\" target=\"_blank\" rel=\"nofollow\">H\u1ecdc k\u1ef3 m\u00f9a h\u00e8<\/a><\/h2><\/div><div class=\"desc-icon-box\"><div class=\"desc-content\">C\u00e1c ch\u01b0\u01a1ng tr\u00ecnh c\u1ea5p b\u1eb1ng n\u00e2ng cao c\u1ee7a ch\u00fang t\u00f4i l\u00e0 nh\u1eefng c\u1ed9ng \u0111\u1ed3ng g\u1eafn k\u1ebft ch\u1eb7t ch\u1ebd v\u1edbi quy\u1ec1n truy c\u1eadp v\u00e0o c\u00e1c ngu\u1ed3n t\u00e0i nguy\u00ean r\u1ed9ng l\u1edbn.<br>\n\nT\u1ea5t c\u1ea3 sinh vi\u00ean\/h\u1ecdc vi\u00ean \u0111\u1ec1u theo h\u1ecdc t\u1ea1i Vi\u1ec7n, m\u1ed9t m\u00f4i tr\u01b0\u1eddng h\u1ecdc t\u1eadp th\u00e2n m\u1eadt cung c\u1ea5p h\u01b0\u1edbng d\u1eabn v\u1ec1 ngh\u1ec7 thu\u1eadt t\u1ef1 do v\u00e0 khoa h\u1ecdc.<\/div><a class=\"smicon-read sc-btn\" href=\"https:\/\/iser.hueuni.edu.vn\/academics-detail\/\" target=\"_blank\" rel=\"nofollow\">Read More <i class=\"fa fa-chevron-right\"><\/i><\/a><\/div><\/div><\/div><\/div><\/div>\t\t\t\t<\/div>\n\t\t\t\t<\/div>\n\t\t\t\t<\/div>\n\t\t<div class=\"elementor-element elementor-element-96625a2 e-con-full e-flex e-con e-child\" data-id=\"96625a2\" data-element_type=\"container\">\n\t\t\t\t<div class=\"elementor-element elementor-element-e3ce8c4 elementor-widget elementor-widget-thim-ekits-header-info\" data-id=\"e3ce8c4\" data-element_type=\"widget\" data-widget_type=\"thim-ekits-header-info.default\">\n\t\t\t\t<div class=\"elementor-widget-container\">\n\t\t\t\t\t\t\t<div class=\"header-info-swapper\">\n\t\t\t<ul class=\"thim-header-info\">\n\t\t\t\t\t\t\t\t\t\t<li>\n\t\t\t\t\t\t\t\t\t\t\t\t\t\t<a href=\"https:\/\/iser.hueuni.edu.vn\/academics-detail\/\">\n\t\t\t\t\t\t\t\t\t\t\t\t\t\t\t\t\n\t\t\t\t\t\t\t\tSau \u0111\u1ea1i h\u1ecdc v\u00e0 chuy\u00ean nghi\u1ec7p\n\t\t\t\t\t\t\t\t\t\t\t\t\t\t\t<\/a>\n\t\t\t\t\t\t\t\t\t\t\t\t<\/li>\n\t\t\t\t\t\t\t\t\t\t\t\t<li>\n\t\t\t\t\t\t\t\t\t\t\t\t\t\t<a href=\"https:\/\/iser.hueuni.edu.vn\/academics-detail\/\">\n\t\t\t\t\t\t\t\t\t\t\t\t\t\t\t\t\n\t\t\t\t\t\t\t\tC\u00e1c Khoa v\u00e0 Ch\u01b0\u01a1ng tr\u00ecnh\n\t\t\t\t\t\t\t\t\t\t\t\t\t\t\t<\/a>\n\t\t\t\t\t\t\t\t\t\t\t\t<\/li>\n\t\t\t\t\t\t\t\t\t\t\t\t<li>\n\t\t\t\t\t\t\t\t\t\t\t\t\t\t<a href=\"https:\/\/iser.hueuni.edu.vn\/academics-detail\/\">\n\t\t\t\t\t\t\t\t\t\t\t\t\t\t\t\t\n\t\t\t\t\t\t\t\tGi\u00e1o d\u1ee5c to\u00e0n c\u1ea7u\n\t\t\t\t\t\t\t\t\t\t\t\t\t\t\t<\/a>\n\t\t\t\t\t\t\t\t\t\t\t\t<\/li>\n\t\t\t\t\t\t\t\t\t\t\t\t<li>\n\t\t\t\t\t\t\t\t\t\t\t\t\t\t<a href=\"https:\/\/iser.hueuni.edu.vn\/academics-detail\/\">\n\t\t\t\t\t\t\t\t\t\t\t\t\t\t\t\t\n\t\t\t\t\t\t\t\tH\u1ecdc k\u1ef3 H\u00e8\n\t\t\t\t\t\t\t\t\t\t\t\t\t\t\t<\/a>\n\t\t\t\t\t\t\t\t\t\t\t\t<\/li>\n\t\t\t\t\t\t\t\t\t\t\t\t<li>\n\t\t\t\t\t\t\t\t\t\t\t\t\t\t<a href=\"https:\/\/iser.hueuni.edu.vn\/academics-detail\/\">\n\t\t\t\t\t\t\t\t\t\t\t\t\t\t\t\t\n\t\t\t\t\t\t\t\tC\u00e1c d\u1ecbch v\u1ee5 kh\u00f4ng c\u1ea5p b\u1eb1ng\n\t\t\t\t\t\t\t\t\t\t\t\t\t\t\t<\/a>\n\t\t\t\t\t\t\t\t\t\t\t\t<\/li>\n\t\t\t\t\t\t\t\t\t\t\t\t<li>\n\t\t\t\t\t\t\t\t\t\t\t\t\t\t<a href=\"https:\/\/iser.hueuni.edu.vn\/academics-detail\/\">\n\t\t\t\t\t\t\t\t\t\t\t\t\t\t\t\t\n\t\t\t\t\t\t\t\tH\u1ecdc t\u1eadp tr\u1ef1c tuy\u1ebfn\n\t\t\t\t\t\t\t\t\t\t\t\t\t\t\t<\/a>\n\t\t\t\t\t\t\t\t\t\t\t\t<\/li>\n\t\t\t\t\t\t\t\t\t<\/ul>\n\t\t<\/div>\n\t\t\t\t\t\t<\/div>\n\t\t\t\t<\/div>\n\t\t\t\t<\/div>\n\t\t\t\t\t<\/div>\n\t\t\t\t<\/div>\n\t\t\t\t<\/div>\n\t\t","protected":false},"excerpt":{"rendered":"<p>T\u1ea1i ISER, ch\u00fang t\u00f4i coi \u0111\u1ea1i h\u1ecdc l\u00e0 th\u1eddi gian \u0111\u1ec3 sinh vi\u00ean kh\u00e1m ph\u00e1, r\u00e8n luy\u1ec7n tr\u00ed t\u00f2 m\u00f2 v\u00e0 kh\u00e1m ph\u00e1 nh\u1eefng s\u1edf th\u00edch v\u00e0 kh\u1ea3 n\u0103ng m\u1edbi. Ch\u00fang t\u00f4i cung c\u1ea5p cho sinh vi\u00ean m\u1ed9t m\u00f4i tr\u01b0\u1eddng &hellip; <\/p>\n","protected":false},"author":1,"featured_media":0,"parent":0,"menu_order":0,"comment_status":"closed","ping_status":"closed","template":"","meta":{"footnotes":""},"class_list":["post-14674","page","type-page","status-publish","hentry"],"_links":{"self":[{"href":"https:\/\/iser.hueuni.edu.vn\/index.php?rest_route=\/wp\/v2\/pages\/14674","targetHints":{"allow":["GET"]}}],"collection":[{"href":"https:\/\/iser.hueuni.edu.vn\/index.php?rest_route=\/wp\/v2\/pages"}],"about":[{"href":"https:\/\/iser.hueuni.edu.vn\/index.php?rest_route=\/wp\/v2\/types\/page"}],"author":[{"embeddable":true,"href":"https:\/\/iser.hueuni.edu.vn\/index.php?rest_route=\/wp\/v2\/users\/1"}],"replies":[{"embeddable":true,"href":"https:\/\/iser.hueuni.edu.vn\/index.php?rest_route=%2Fwp%2Fv2%2Fcomments&post=14674"}],"version-history":[{"count":3,"href":"https:\/\/iser.hueuni.edu.vn\/index.php?rest_route=\/wp\/v2\/pages\/14674\/revisions"}],"predecessor-version":[{"id":15950,"href":"https:\/\/iser.hueuni.edu.vn\/index.php?rest_route=\/wp\/v2\/pages\/14674\/revisions\/15950"}],"wp:attachment":[{"href":"https:\/\/iser.hueuni.edu.vn\/index.php?rest_route=%2Fwp%2Fv2%2Fmedia&parent=14674"}],"curies":[{"name":"wp","href":"https:\/\/api.w.org\/{rel}","templated":true}]}}