{"id":12961,"date":"2022-12-03T02:29:57","date_gmt":"2022-12-03T02:29:57","guid":{"rendered":"https:\/\/eduma.thimpress.com\/university\/?page_id=12961"},"modified":"2025-01-09T16:10:56","modified_gmt":"2025-01-09T09:10:56","slug":"faculty-detail","status":"publish","type":"page","link":"https:\/\/iser.hueuni.edu.vn\/?page_id=12961","title":{"rendered":"Ph\u00f2ng H\u00e0nh ch\u00ednh &#8211; T\u1ed5ng h\u1ee3p"},"content":{"rendered":"\t\t<div data-elementor-type=\"wp-page\" data-elementor-id=\"12961\" class=\"elementor elementor-12961\">\n\t\t\t\t<div class=\"elementor-element elementor-element-125849da e-con-full e-flex e-con e-parent\" data-id=\"125849da\" data-element_type=\"container\" data-settings=\"{&quot;background_background&quot;:&quot;classic&quot;}\">\n\t\t<div class=\"elementor-element elementor-element-75dae7ab e-con-full e-flex e-con e-child\" data-id=\"75dae7ab\" data-element_type=\"container\">\n\t\t\t\t<div class=\"elementor-element elementor-element-5329536 elementor-widget elementor-widget-text-editor\" data-id=\"5329536\" data-element_type=\"widget\" data-widget_type=\"text-editor.default\">\n\t\t\t\t<div class=\"elementor-widget-container\">\n\t\t\t\t\t\t\t\t\t<p><strong>1. Ch\u1ee9c n\u0103ng:<\/strong> Tham m\u01b0u gi\u00fap Vi\u1ec7n tr\u01b0\u1edfng trong vi\u1ec7c qu\u1ea3n l\u00fd, t\u1ed5ng h\u1ee3p, \u0111\u1ec1 xu\u1ea5t \u00fd ki\u1ebfn, t\u1ed5 ch\u1ee9c th\u1ef1c hi\u1ec7n c\u00e1c c\u00f4ng t\u00e1c v\u1ec1 t\u1ed5 ch\u1ee9c c\u00e1n b\u1ed9, h\u00e0nh ch\u00ednh, t\u1ed5ng h\u1ee3p, v\u0103n th\u01b0, l\u01b0u tr\u1eef, k\u1ebf ho\u1ea1ch, t\u00e0i ch\u00ednh, c\u01a1 s\u1edf v\u1eadt ch\u1ea5t, thanh tra, ki\u1ec3m tra, ph\u00e1p ch\u1ebf, thi \u0111ua, khen th\u01b0\u1edfng, k\u1ef7 lu\u1eadt c\u1ee7a Vi\u1ec7n.<\/p>\t\t\t\t\t\t\t\t<\/div>\n\t\t\t\t<\/div>\n\t\t\t\t<\/div>\n\t\t<div class=\"elementor-element elementor-element-2f8df2fa e-con-full e-flex e-con e-child\" data-id=\"2f8df2fa\" data-element_type=\"container\">\n\t\t\t\t<div class=\"elementor-element elementor-element-10dfee0d elementor-widget elementor-widget-image\" data-id=\"10dfee0d\" data-element_type=\"widget\" data-widget_type=\"image.default\">\n\t\t\t\t<div class=\"elementor-widget-container\">\n\t\t\t\t\t\t\t\t\t\t\t\t\t\t\t<img fetchpriority=\"high\" decoding=\"async\" width=\"630\" height=\"410\" src=\"https:\/\/iser.hueuni.edu.vn\/wp-content\/uploads\/2023\/12\/alumni-box-2.jpg\" class=\"attachment-large size-large wp-image-15574\" alt=\"\" srcset=\"https:\/\/iser.hueuni.edu.vn\/wp-content\/uploads\/2023\/12\/alumni-box-2.jpg 630w, https:\/\/iser.hueuni.edu.vn\/wp-content\/uploads\/2023\/12\/alumni-box-2-300x195.jpg 300w, https:\/\/iser.hueuni.edu.vn\/wp-content\/uploads\/2023\/12\/alumni-box-2-600x390.jpg 600w\" sizes=\"(max-width: 630px) 100vw, 630px\" \/>\t\t\t\t\t\t\t\t\t\t\t\t\t\t\t<\/div>\n\t\t\t\t<\/div>\n\t\t\t\t<\/div>\n\t\t\t\t<\/div>\n\t\t<div class=\"elementor-element elementor-element-bfc6c4f e-flex e-con-boxed e-con e-parent\" data-id=\"bfc6c4f\" data-element_type=\"container\">\n\t\t\t\t\t<div class=\"e-con-inner\">\n\t\t\t\t<div class=\"elementor-element elementor-element-8551872 elementor-widget elementor-widget-text-editor\" data-id=\"8551872\" data-element_type=\"widget\" data-widget_type=\"text-editor.default\">\n\t\t\t\t<div class=\"elementor-widget-container\">\n\t\t\t\t\t\t\t\t\t<p><strong>2. Nhi\u1ec7m v\u1ee5:<\/strong><\/p><p>a) Tham m\u01b0u cho Vi\u1ec7n tr\u01b0\u1edfng nh\u1eefng quan \u0111i\u1ec3m, ch\u1ee7 tr\u01b0\u01a1ng v\u00e0 gi\u1ea3i ph\u00e1p v\u1ec1 ph\u00e1t tri\u1ec3n Vi\u1ec7n.<\/p><p>b) X\u00e2y d\u1ef1ng c\u00e1c ch\u01b0\u01a1ng tr\u00ecnh, k\u1ebf ho\u1ea1ch c\u00f4ng t\u00e1c c\u1ee7a \u0111\u01a1n v\u1ecb tr\u00ecnh Vi\u1ec7n tr\u01b0\u1edfng ph\u00ea duy\u1ec7t; t\u1ed5 ch\u1ee9c th\u1ef1c hi\u1ec7n v\u00e0 ch\u1ecbu tr\u00e1ch nhi\u1ec7m tr\u01b0\u1edbc Vi\u1ec7n tr\u01b0\u1edfng v\u1ec1 vi\u1ec7c th\u1ef1c hi\u1ec7n c\u00e1c ch\u01b0\u01a1ng tr\u00ecnh, k\u1ebf ho\u1ea1ch c\u00f4ng t\u00e1c \u0111\u00e3 \u0111\u01b0\u1ee3c ph\u00ea duy\u1ec7t.<\/p><p>c) \u0110\u1ec1 xu\u1ea5t v\u1edbi Vi\u1ec7n tr\u01b0\u1edfng nh\u1eefng quan \u0111i\u1ec3m, gi\u1ea3i ph\u00e1p v\u1ec1 t\u1ed5 ch\u1ee9c b\u1ed9 m\u00e1y v\u00e0 nh\u00e2n s\u1ef1 c\u1ee7a Vi\u1ec7n; v\u1ec1 quy ho\u1ea1ch, \u0111\u00e0o t\u1ea1o, b\u1ed3i d\u01b0\u1ee1ng, s\u1eed d\u1ee5ng v\u00e0 th\u1ef1c hi\u1ec7n ch\u1ebf \u0111\u1ed9 ch\u00ednh s\u00e1ch cho \u0111\u1ed9i ng\u0169 vi\u00ean ch\u1ee9c, ng\u01b0\u1eddi lao \u0111\u1ed9ng c\u1ee7a Vi\u1ec7n.<\/p><p>d) T\u1ed5 ch\u1ee9c lao \u0111\u1ed9ng cho c\u00e1c vi\u00ean ch\u1ee9c, ng\u01b0\u1eddi lao \u0111\u1ed9ng c\u1ee7a \u0111\u01a1n v\u1ecb; ki\u1ec3m tra, \u0111\u00f4n \u0111\u1ed1c vi\u1ec7c th\u1ef1c hi\u1ec7n nhi\u1ec7m v\u1ee5 c\u1ee7a c\u00e1c vi\u00ean ch\u1ee9c, ng\u01b0\u1eddi lao \u0111\u1ed9ng c\u1ee7a Vi\u1ec7n; \u0111\u1ea7u m\u1ed1i th\u1ef1c hi\u1ec7n c\u00f4ng t\u00e1c qu\u1ea3n l\u00fd, s\u1eed d\u1ee5ng, \u0111\u00e1nh gi\u00e1 vi\u00ean ch\u1ee9c, ng\u01b0\u1eddi lao \u0111\u1ed9ng c\u1ee7a Vi\u1ec7n theo quy \u0111\u1ecbnh.<\/p><p>\u0111) T\u1ed5 ch\u1ee9c th\u1ef1c hi\u1ec7n quy ch\u1ebf d\u00e2n ch\u1ee7 v\u00e0 duy tr\u00ec k\u1ef7 lu\u1eadt lao \u0111\u1ed9ng trong \u0111\u01a1n v\u1ecb. Tham m\u01b0u th\u1ef1c hi\u1ec7n c\u00f4ng t\u00e1c thanh tra, ki\u1ec3m tra, ph\u00e1p ch\u1ebf c\u1ee7a Vi\u1ec7n.<\/p><p>e) Qu\u1ea3n l\u00fd c\u01a1 s\u1edf v\u1eadt ch\u1ea5t, k\u1ebf ho\u1ea1ch t\u00e0i ch\u00ednh, k\u1ebf to\u00e1n c\u1ee7a Vi\u1ec7n theo quy \u0111\u1ecbnh.<\/p><p>g) \u0110\u1ea7u m\u1ed1i tri\u1ec3n khai th\u1ef1c hi\u1ec7n c\u00f4ng t\u00e1c thi \u0111ua, khen th\u01b0\u1edfng, k\u1ef7 lu\u1eadt, gi\u1ea3i quy\u1ebft c\u00e1c khi\u1ebfu n\u1ea1i, t\u1ed1 c\u00e1o c\u1ee7a vi\u00ean ch\u1ee9c, ng\u01b0\u1eddi lao \u0111\u1ed9ng c\u1ee7a Vi\u1ec7n, c\u1ee7a c\u00e1c t\u1ed5 ch\u1ee9c, c\u00e1 nh\u00e2n kh\u00e1c v\u1ec1 nh\u1eefng v\u1ea5n \u0111\u1ec1 c\u00f3 li\u00ean quan \u0111\u1ebfn ho\u1ea1t \u0111\u1ed9ng c\u1ee7a Vi\u1ec7n theo quy \u0111\u1ecbnh c\u1ee7a ph\u00e1p lu\u1eadt.<\/p><p>h) Tham m\u01b0u, x\u00e2y d\u1ef1ng v\u0103n b\u1ea3n v\u1ec1 nh\u1eefng v\u1ea5n \u0111\u1ec1 thu\u1ed9c ch\u1ee9c n\u0103ng, nhi\u1ec7m v\u1ee5 c\u1ee7a \u0111\u01a1n v\u1ecb tr\u00ecnh Vi\u1ec7n tr\u01b0\u1edfng; x\u00e2y d\u1ef1ng c\u00e1c b\u00e1o c\u00e1o c\u00f4ng t\u00e1c c\u1ee7a \u0111\u01a1n v\u1ecb theo quy \u0111\u1ecbnh c\u1ee7a Vi\u1ec7n.<\/p>\t\t\t\t\t\t\t\t<\/div>\n\t\t\t\t<\/div>\n\t\t\t\t\t<\/div>\n\t\t\t\t<\/div>\n\t\t\t\t<section class=\"elementor-section elementor-top-section elementor-element elementor-element-3cd039c8 elementor-section-stretched elementor-section-boxed elementor-section-height-default elementor-section-height-default\" data-id=\"3cd039c8\" data-element_type=\"section\" data-settings=\"{&quot;stretch_section&quot;:&quot;section-stretched&quot;}\">\n\t\t\t\t\t\t<div class=\"elementor-container elementor-column-gap-custom\">\n\t\t\t\t\t<div class=\"elementor-column elementor-col-100 elementor-top-column elementor-element elementor-element-6a1358ae\" data-id=\"6a1358ae\" data-element_type=\"column\">\n\t\t\t<div class=\"elementor-widget-wrap elementor-element-populated\">\n\t\t\t\t\t\t<div class=\"elementor-element elementor-element-fcebe1e elementor-widget elementor-widget-heading\" data-id=\"fcebe1e\" data-element_type=\"widget\" data-widget_type=\"heading.default\">\n\t\t\t\t<div class=\"elementor-widget-container\">\n\t\t\t\t\t<h4 class=\"elementor-heading-title elementor-size-default\">3. \u0110\u1ed9i ng\u0169:<\/h4>\t\t\t\t<\/div>\n\t\t\t\t<\/div>\n\t\t\t\t<div class=\"elementor-element elementor-element-31bf38bf thim-ekit-team-default elementor-widget elementor-widget-thim-ekits-team\" data-id=\"31bf38bf\" data-element_type=\"widget\" data-settings=\"{&quot;row_gap&quot;:{&quot;unit&quot;:&quot;px&quot;,&quot;size&quot;:30,&quot;sizes&quot;:[]},&quot;row_gap_tablet&quot;:{&quot;unit&quot;:&quot;px&quot;,&quot;size&quot;:&quot;&quot;,&quot;sizes&quot;:[]},&quot;row_gap_mobile_extra&quot;:{&quot;unit&quot;:&quot;px&quot;,&quot;size&quot;:&quot;&quot;,&quot;sizes&quot;:[]},&quot;row_gap_mobile&quot;:{&quot;unit&quot;:&quot;px&quot;,&quot;size&quot;:&quot;&quot;,&quot;sizes&quot;:[]}}\" data-widget_type=\"thim-ekits-team.default\">\n\t\t\t\t<div class=\"elementor-widget-container\">\n\t\t\t\t\t\n\t\t<div class=\"thim-ekit-team\">\n\t\t\t<div class=\"thim-ekit-team__inner\">\n\t\t\t\t\t\t\t\t\t\t<div class=\"thim-ekit-team__article post-12961 page type-page status-publish hentry\">\n\t\t\t\t\t\t\t\t\t<div class=\"thim-ekit-team__thumbnail\">\n\t\t\t\t\t\t<div class=\"thim-ekit-team__image\">\n\t\t\t\t<img decoding=\"async\" width=\"300\" height=\"300\" src=\"https:\/\/iser.hueuni.edu.vn\/wp-content\/uploads\/2023\/12\/man-6.jpg\" class=\"attachment-full size-full wp-image-15180\" alt=\"\" srcset=\"https:\/\/iser.hueuni.edu.vn\/wp-content\/uploads\/2023\/12\/man-6.jpg 300w, https:\/\/iser.hueuni.edu.vn\/wp-content\/uploads\/2023\/12\/man-6-150x150.jpg 150w, https:\/\/iser.hueuni.edu.vn\/wp-content\/uploads\/2023\/12\/man-6-100x100.jpg 100w\" sizes=\"(max-width: 300px) 100vw, 300px\" \/>\t\t\t<\/div>\n\t\t\t\t\t\t<div class=\"thim-ekit-team__list-social\"><div class=\"thim-ekit-team__social\"><a href=\"#\" target=\"_blank\"><i class=\"fab fa-facebook-f\" aria-hidden=\"true\"><\/i><\/a>\n\t\t\t\t<\/div><div class=\"thim-ekit-team__social\"><a href=\"#\" target=\"_blank\"><i class=\"fab fa-youtube\" aria-hidden=\"true\"><\/i><\/a>\n\t\t\t\t<\/div><div class=\"thim-ekit-team__social\"><a href=\"#\" target=\"_blank\" rel=\"nofollow\"><i class=\"tk-x-twitter\" aria-hidden=\"true\"><\/i><\/a>\n\t\t\t\t<\/div><\/div>\t\t<\/div>\n\t\t\t\t<div class=\"thim-ekit-team__content\">\n\t\t<div class=\"thim-ekit-team__member-name\">PGS.TS. Nguy\u1ec5n H\u1ed3 Lam<\/div>\t\t\t<div class=\"thim-ekit-team__member-position\">\n\t\t\t\tPh\u00f3 Vi\u1ec7n tr\u01b0\u1edfng Ph\u1ee5 tr\u00e1ch\t\t\t<\/div>\n\t\t\t\t\t<\/div>\n\t\t\t\t\t\t\t\t<\/div>\n\t\t\t\t\t\t\t\t\t\t\t\t<div class=\"thim-ekit-team__article post-12961 page type-page status-publish hentry\">\n\t\t\t\t\t\t\t\t\t<div class=\"thim-ekit-team__thumbnail\">\n\t\t\t\t\t\t<div class=\"thim-ekit-team__image\">\n\t\t\t\t<img decoding=\"async\" width=\"300\" height=\"300\" src=\"https:\/\/iser.hueuni.edu.vn\/wp-content\/uploads\/2023\/12\/man-1.jpg\" class=\"attachment-full size-full wp-image-15184\" alt=\"\" srcset=\"https:\/\/iser.hueuni.edu.vn\/wp-content\/uploads\/2023\/12\/man-1.jpg 300w, https:\/\/iser.hueuni.edu.vn\/wp-content\/uploads\/2023\/12\/man-1-150x150.jpg 150w, https:\/\/iser.hueuni.edu.vn\/wp-content\/uploads\/2023\/12\/man-1-100x100.jpg 100w\" sizes=\"(max-width: 300px) 100vw, 300px\" \/>\t\t\t<\/div>\n\t\t\t\t\t\t<div class=\"thim-ekit-team__list-social\"><div class=\"thim-ekit-team__social\"><a href=\"#\" target=\"_blank\"><i class=\"fab fa-facebook-f\" aria-hidden=\"true\"><\/i><\/a>\n\t\t\t\t<\/div><div class=\"thim-ekit-team__social\"><a href=\"#\" target=\"_blank\"><i class=\"fab fa-youtube\" aria-hidden=\"true\"><\/i><\/a>\n\t\t\t\t<\/div><div class=\"thim-ekit-team__social\"><a href=\"#\" target=\"_blank\" rel=\"nofollow\"><i class=\"tk-x-twitter\" aria-hidden=\"true\"><\/i><\/a>\n\t\t\t\t<\/div><\/div>\t\t<\/div>\n\t\t\t\t<div class=\"thim-ekit-team__content\">\n\t\t<div class=\"thim-ekit-team__member-name\">CN. D\u01b0\u01a1ng V\u0103n Khoa<\/div>\t\t\t<div class=\"thim-ekit-team__member-position\">\n\t\t\t\tT\u1ed5 tr\u01b0\u1edfng\t\t\t<\/div>\n\t\t\t\t\t<\/div>\n\t\t\t\t\t\t\t\t<\/div>\n\t\t\t\t\t\t\t\t\t\t\t\t<div class=\"thim-ekit-team__article post-12961 page type-page status-publish hentry\">\n\t\t\t\t\t\t\t\t\t<div class=\"thim-ekit-team__thumbnail\">\n\t\t\t\t\t\t<div class=\"thim-ekit-team__image\">\n\t\t\t\t<img loading=\"lazy\" decoding=\"async\" width=\"300\" height=\"300\" src=\"https:\/\/iser.hueuni.edu.vn\/wp-content\/uploads\/2023\/12\/woman-2.jpg\" class=\"attachment-full size-full wp-image-15185\" alt=\"\" srcset=\"https:\/\/iser.hueuni.edu.vn\/wp-content\/uploads\/2023\/12\/woman-2.jpg 300w, https:\/\/iser.hueuni.edu.vn\/wp-content\/uploads\/2023\/12\/woman-2-150x150.jpg 150w, https:\/\/iser.hueuni.edu.vn\/wp-content\/uploads\/2023\/12\/woman-2-100x100.jpg 100w\" sizes=\"(max-width: 300px) 100vw, 300px\" \/>\t\t\t<\/div>\n\t\t\t\t\t\t<div class=\"thim-ekit-team__list-social\"><div class=\"thim-ekit-team__social\"><a href=\"#\" target=\"_blank\"><i class=\"fab fa-facebook-f\" aria-hidden=\"true\"><\/i><\/a>\n\t\t\t\t<\/div><div class=\"thim-ekit-team__social\"><a href=\"#\" target=\"_blank\"><i class=\"fab fa-youtube\" aria-hidden=\"true\"><\/i><\/a>\n\t\t\t\t<\/div><div class=\"thim-ekit-team__social\"><a href=\"#\" target=\"_blank\" rel=\"nofollow\"><i class=\"tk-x-twitter\" aria-hidden=\"true\"><\/i><\/a>\n\t\t\t\t<\/div><\/div>\t\t<\/div>\n\t\t\t\t<div class=\"thim-ekit-team__content\">\n\t\t<div class=\"thim-ekit-team__member-name\">ThS. Tr\u1ea7n \u0110\u1eb7ng B\u1ea3o Thuy\u00ean<\/div>\t\t\t<div class=\"thim-ekit-team__member-position\">\n\t\t\t\tT\u1ed5 ph\u00f3\t\t\t<\/div>\n\t\t\t\t\t<\/div>\n\t\t\t\t\t\t\t\t<\/div>\n\t\t\t\t\t\t\t\t\t\t\t\t<div class=\"thim-ekit-team__article post-12961 page type-page status-publish hentry\">\n\t\t\t\t\t\t\t\t\t<div class=\"thim-ekit-team__thumbnail\">\n\t\t\t\t\t\t<div class=\"thim-ekit-team__image\">\n\t\t\t\t<img loading=\"lazy\" decoding=\"async\" width=\"300\" height=\"300\" src=\"https:\/\/iser.hueuni.edu.vn\/wp-content\/uploads\/2023\/12\/woman-3.jpg\" class=\"attachment-full size-full wp-image-15183\" alt=\"\" srcset=\"https:\/\/iser.hueuni.edu.vn\/wp-content\/uploads\/2023\/12\/woman-3.jpg 300w, https:\/\/iser.hueuni.edu.vn\/wp-content\/uploads\/2023\/12\/woman-3-150x150.jpg 150w, https:\/\/iser.hueuni.edu.vn\/wp-content\/uploads\/2023\/12\/woman-3-100x100.jpg 100w\" sizes=\"(max-width: 300px) 100vw, 300px\" \/>\t\t\t<\/div>\n\t\t\t\t\t\t<div class=\"thim-ekit-team__list-social\"><div class=\"thim-ekit-team__social\"><a href=\"#\" target=\"_blank\"><i class=\"fab fa-facebook-f\" aria-hidden=\"true\"><\/i><\/a>\n\t\t\t\t<\/div><div class=\"thim-ekit-team__social\"><a href=\"#\" target=\"_blank\"><i class=\"fab fa-youtube\" aria-hidden=\"true\"><\/i><\/a>\n\t\t\t\t<\/div><div class=\"thim-ekit-team__social\"><a href=\"#\" target=\"_blank\" rel=\"nofollow\"><i class=\"tk-x-twitter\" aria-hidden=\"true\"><\/i><\/a>\n\t\t\t\t<\/div><\/div>\t\t<\/div>\n\t\t\t\t<div class=\"thim-ekit-team__content\">\n\t\t<div class=\"thim-ekit-team__member-name\">CN. Th\u00e2n Th\u1ecb M\u1ef9 Linh<\/div>\t\t\t<div class=\"thim-ekit-team__member-position\">\n\t\t\t\tK\u1ebf to\u00e1n\t\t\t<\/div>\n\t\t\t\t\t<\/div>\n\t\t\t\t\t\t\t\t<\/div>\n\t\t\t\t\t\t\t\t\t\t\t\t<div class=\"thim-ekit-team__article post-12961 page type-page status-publish hentry\">\n\t\t\t\t\t\t\t\t\t<div class=\"thim-ekit-team__thumbnail\">\n\t\t\t\t\t\t<div class=\"thim-ekit-team__image\">\n\t\t\t\t<img loading=\"lazy\" decoding=\"async\" width=\"300\" height=\"300\" src=\"https:\/\/iser.hueuni.edu.vn\/wp-content\/uploads\/2023\/12\/man-2.jpg\" class=\"attachment-full size-full wp-image-15182\" alt=\"\" srcset=\"https:\/\/iser.hueuni.edu.vn\/wp-content\/uploads\/2023\/12\/man-2.jpg 300w, https:\/\/iser.hueuni.edu.vn\/wp-content\/uploads\/2023\/12\/man-2-150x150.jpg 150w, https:\/\/iser.hueuni.edu.vn\/wp-content\/uploads\/2023\/12\/man-2-100x100.jpg 100w\" sizes=\"(max-width: 300px) 100vw, 300px\" \/>\t\t\t<\/div>\n\t\t\t\t\t\t<div class=\"thim-ekit-team__list-social\"><div class=\"thim-ekit-team__social\"><a href=\"#\" target=\"_blank\"><i class=\"fab fa-facebook-f\" aria-hidden=\"true\"><\/i><\/a>\n\t\t\t\t<\/div><div class=\"thim-ekit-team__social\"><a href=\"#\" target=\"_blank\"><i class=\"fab fa-youtube\" aria-hidden=\"true\"><\/i><\/a>\n\t\t\t\t<\/div><div class=\"thim-ekit-team__social\"><a href=\"#\" target=\"_blank\" rel=\"nofollow\"><i class=\"tk-x-twitter\" aria-hidden=\"true\"><\/i><\/a>\n\t\t\t\t<\/div><\/div>\t\t<\/div>\n\t\t\t\t<div class=\"thim-ekit-team__content\">\n\t\t<div class=\"thim-ekit-team__member-name\">CN. Nguy\u1ec5n Kh\u1eafc Qu\u00ed<\/div>\t\t\t<div class=\"thim-ekit-team__member-position\">\n\t\t\t\tNh\u00e2n vi\u00ean\t\t\t<\/div>\n\t\t\t\t\t<\/div>\n\t\t\t\t\t\t\t\t<\/div>\n\t\t\t\t\t\t\t\t\t\t\t\t<div class=\"thim-ekit-team__article post-12961 page type-page status-publish hentry\">\n\t\t\t\t\t\t\t\t\t<div class=\"thim-ekit-team__thumbnail\">\n\t\t\t\t\t\t<div class=\"thim-ekit-team__image\">\n\t\t\t\t<img loading=\"lazy\" decoding=\"async\" width=\"300\" height=\"300\" src=\"https:\/\/iser.hueuni.edu.vn\/wp-content\/uploads\/2023\/12\/man-3.jpg\" class=\"attachment-full size-full wp-image-15177\" alt=\"\" srcset=\"https:\/\/iser.hueuni.edu.vn\/wp-content\/uploads\/2023\/12\/man-3.jpg 300w, https:\/\/iser.hueuni.edu.vn\/wp-content\/uploads\/2023\/12\/man-3-150x150.jpg 150w, https:\/\/iser.hueuni.edu.vn\/wp-content\/uploads\/2023\/12\/man-3-100x100.jpg 100w\" sizes=\"(max-width: 300px) 100vw, 300px\" \/>\t\t\t<\/div>\n\t\t\t\t\t\t<div class=\"thim-ekit-team__list-social\"><div class=\"thim-ekit-team__social\"><a href=\"#\" target=\"_blank\"><i class=\"fab fa-facebook-f\" aria-hidden=\"true\"><\/i><\/a>\n\t\t\t\t<\/div><div class=\"thim-ekit-team__social\"><a href=\"#\" target=\"_blank\"><i class=\"fab fa-youtube\" aria-hidden=\"true\"><\/i><\/a>\n\t\t\t\t<\/div><div class=\"thim-ekit-team__social\"><a href=\"#\" target=\"_blank\" rel=\"nofollow\"><i class=\"tk-x-twitter\" aria-hidden=\"true\"><\/i><\/a>\n\t\t\t\t<\/div><\/div>\t\t<\/div>\n\t\t\t\t<div class=\"thim-ekit-team__content\">\n\t\t<div class=\"thim-ekit-team__member-name\">H\u1ed3 V\u0103n Nam<\/div>\t\t\t<div class=\"thim-ekit-team__member-position\">\n\t\t\t\tNh\u00e2n vi\u00ean\t\t\t<\/div>\n\t\t\t\t\t<\/div>\n\t\t\t\t\t\t\t\t<\/div>\n\t\t\t\t\t\t\t\t\t<\/div>\n\t\t<\/div>\n\n\t\t\t\t\t\t<\/div>\n\t\t\t\t<\/div>\n\t\t\t\t\t<\/div>\n\t\t<\/div>\n\t\t\t\t\t<\/div>\n\t\t<\/section>\n\t\t\t\t<\/div>\n\t\t","protected":false},"excerpt":{"rendered":"<p>1. Ch\u1ee9c n\u0103ng: Tham m\u01b0u gi\u00fap Vi\u1ec7n tr\u01b0\u1edfng trong vi\u1ec7c qu\u1ea3n l\u00fd, t\u1ed5ng h\u1ee3p, \u0111\u1ec1 xu\u1ea5t \u00fd ki\u1ebfn, t\u1ed5 ch\u1ee9c th\u1ef1c hi\u1ec7n c\u00e1c c\u00f4ng t\u00e1c v\u1ec1 t\u1ed5 ch\u1ee9c c\u00e1n b\u1ed9, h\u00e0nh ch\u00ednh, t\u1ed5ng h\u1ee3p, v\u0103n th\u01b0, l\u01b0u tr\u1eef, k\u1ebf ho\u1ea1ch, &hellip; <\/p>\n","protected":false},"author":1,"featured_media":0,"parent":0,"menu_order":0,"comment_status":"closed","ping_status":"closed","template":"","meta":{"footnotes":""},"class_list":["post-12961","page","type-page","status-publish","hentry"],"_links":{"self":[{"href":"https:\/\/iser.hueuni.edu.vn\/index.php?rest_route=\/wp\/v2\/pages\/12961","targetHints":{"allow":["GET"]}}],"collection":[{"href":"https:\/\/iser.hueuni.edu.vn\/index.php?rest_route=\/wp\/v2\/pages"}],"about":[{"href":"https:\/\/iser.hueuni.edu.vn\/index.php?rest_route=\/wp\/v2\/types\/page"}],"author":[{"embeddable":true,"href":"https:\/\/iser.hueuni.edu.vn\/index.php?rest_route=\/wp\/v2\/users\/1"}],"replies":[{"embeddable":true,"href":"https:\/\/iser.hueuni.edu.vn\/index.php?rest_route=%2Fwp%2Fv2%2Fcomments&post=12961"}],"version-history":[{"count":18,"href":"https:\/\/iser.hueuni.edu.vn\/index.php?rest_route=\/wp\/v2\/pages\/12961\/revisions"}],"predecessor-version":[{"id":15868,"href":"https:\/\/iser.hueuni.edu.vn\/index.php?rest_route=\/wp\/v2\/pages\/12961\/revisions\/15868"}],"wp:attachment":[{"href":"https:\/\/iser.hueuni.edu.vn\/index.php?rest_route=%2Fwp%2Fv2%2Fmedia&parent=12961"}],"curies":[{"name":"wp","href":"https:\/\/api.w.org\/{rel}","templated":true}]}}