{"id":12930,"date":"2022-12-02T10:13:58","date_gmt":"2022-12-02T10:13:58","guid":{"rendered":"https:\/\/eduma.thimpress.com\/university\/?page_id=12930"},"modified":"2025-01-09T17:22:00","modified_gmt":"2025-01-09T10:22:00","slug":"faculty","status":"publish","type":"page","link":"https:\/\/iser.hueuni.edu.vn\/?page_id=12930","title":{"rendered":"C\u01a1 c\u1ea5u t\u1ed5 ch\u1ee9c"},"content":{"rendered":"\t\t<div data-elementor-type=\"wp-page\" data-elementor-id=\"12930\" class=\"elementor elementor-12930\">\n\t\t\t\t\t\t<section class=\"elementor-section elementor-top-section elementor-element elementor-element-edd25c5 elementor-section-height-min-height elementor-section-items-bottom elementor-section-boxed elementor-section-height-default\" data-id=\"edd25c5\" data-element_type=\"section\" data-settings=\"{&quot;background_background&quot;:&quot;classic&quot;}\">\n\t\t\t\t\t\t<div class=\"elementor-container elementor-column-gap-default\">\n\t\t\t\t\t<div class=\"elementor-column elementor-col-100 elementor-top-column elementor-element elementor-element-3ca5af0\" data-id=\"3ca5af0\" data-element_type=\"column\">\n\t\t\t<div class=\"elementor-widget-wrap elementor-element-populated\">\n\t\t\t\t\t\t<div class=\"elementor-element elementor-element-a61f42e elementor-widget__width-initial elementor-widget elementor-widget-text-editor\" data-id=\"a61f42e\" data-element_type=\"widget\" data-widget_type=\"text-editor.default\">\n\t\t\t\t<div class=\"elementor-widget-container\">\n\t\t\t\t\t\t\t\t\t<p>T\u00ean ti\u1ebfng Vi\u1ec7t: Vi\u1ec7n Nghi\u00ean c\u1ee9u ph\u00e1t tri\u1ec3n Kinh t\u1ebf- X\u00e3 h\u1ed9i &#8211; \u0110\u1ea1i h\u1ecdc Hu\u1ebf<\/p><p>T\u00ean ti\u1ebfng Anh: Institute for Socio-Economic Development Research &#8211; Hue University (T\u00ean vi\u1ebft t\u1eaft: ISER-HU)<\/p><p>\u0110\u1ecba ch\u1ec9 \u0111\u0103ng k\u00fd: s\u1ed1 01 \u0110i\u1ec7n Bi\u00ean Ph\u1ee7, ph\u01b0\u1eddng V\u0129nh Ninh, Qu\u1eadn Ph\u00fa Xu\u00e2n, TP Hu\u1ebf<\/p><p>\u0110\u1ecba ch\u1ec9 giao d\u1ecbch: s\u1ed1 07 H\u00e0 N\u1ed9i, ph\u01b0\u1eddng V\u0129nh Ninh, Qu\u1eadn Ph\u00fa Xu\u00e2n, TP Hu\u1ebf<\/p><p>\u0110i\u1ec7n tho\u1ea1i li\u00ean h\u1ec7: 0234.3820438<\/p><p>Email: <a href=\"mailto:vienkinhtexahoi@hueuni.edu.vn\">vienkinhtexahoi@hueuni.edu.vn<\/a><\/p><p>Website: http:\/\/iser.hueuni.edu.vn<\/p>\t\t\t\t\t\t\t\t<\/div>\n\t\t\t\t<\/div>\n\t\t\t\t\t<\/div>\n\t\t<\/div>\n\t\t\t\t\t<\/div>\n\t\t<\/section>\n\t\t<div class=\"elementor-element elementor-element-e553af6 e-flex e-con-boxed e-con e-parent\" data-id=\"e553af6\" data-element_type=\"container\">\n\t\t\t\t\t<div class=\"e-con-inner\">\n\t\t\t\t<div class=\"elementor-element elementor-element-e5acacf elementor-widget elementor-widget-image\" data-id=\"e5acacf\" data-element_type=\"widget\" data-widget_type=\"image.default\">\n\t\t\t\t<div class=\"elementor-widget-container\">\n\t\t\t\t\t\t\t\t\t\t\t\t\t\t\t<img fetchpriority=\"high\" decoding=\"async\" width=\"640\" height=\"412\" src=\"https:\/\/iser.hueuni.edu.vn\/wp-content\/uploads\/2025\/01\/Co-cau-to-chuc-cua-Vien-visual-selection-2.png\" class=\"attachment-large size-large wp-image-15822\" alt=\"\" srcset=\"https:\/\/iser.hueuni.edu.vn\/wp-content\/uploads\/2025\/01\/Co-cau-to-chuc-cua-Vien-visual-selection-2.png 842w, https:\/\/iser.hueuni.edu.vn\/wp-content\/uploads\/2025\/01\/Co-cau-to-chuc-cua-Vien-visual-selection-2-300x193.png 300w, https:\/\/iser.hueuni.edu.vn\/wp-content\/uploads\/2025\/01\/Co-cau-to-chuc-cua-Vien-visual-selection-2-768x494.png 768w, https:\/\/iser.hueuni.edu.vn\/wp-content\/uploads\/2025\/01\/Co-cau-to-chuc-cua-Vien-visual-selection-2-600x386.png 600w\" sizes=\"(max-width: 640px) 100vw, 640px\" \/>\t\t\t\t\t\t\t\t\t\t\t\t\t\t\t<\/div>\n\t\t\t\t<\/div>\n\t\t\t\t\t<\/div>\n\t\t\t\t<\/div>\n\t\t<div class=\"elementor-element elementor-element-b6f391f e-grid e-con-boxed e-con e-parent\" data-id=\"b6f391f\" data-element_type=\"container\">\n\t\t\t\t\t<div class=\"e-con-inner\">\n\t\t\t\t<div class=\"elementor-element elementor-element-bb00a07 elementor-position-top elementor-widget elementor-widget-image-box\" data-id=\"bb00a07\" data-element_type=\"widget\" data-widget_type=\"image-box.default\">\n\t\t\t\t<div class=\"elementor-widget-container\">\n\t\t\t\t\t<div class=\"elementor-image-box-wrapper\"><figure class=\"elementor-image-box-img\"><img decoding=\"async\" src=\"https:\/\/iser.hueuni.edu.vn\/wp-content\/plugins\/elementor\/assets\/images\/placeholder.png\" title=\"\" alt=\"\" loading=\"lazy\" \/><\/figure><div class=\"elementor-image-box-content\"><h3 class=\"elementor-image-box-title\">PGS.TS. NGUY\u1ec4N H\u1ed2 LAM<\/h3><p class=\"elementor-image-box-description\">Ph\u00f3 Vi\u1ec7n tr\u01b0\u1edfng ph\u1ee5 tr\u00e1ch<\/p><\/div><\/div>\t\t\t\t<\/div>\n\t\t\t\t<\/div>\n\t\t\t\t\t<\/div>\n\t\t\t\t<\/div>\n\t\t<div class=\"elementor-element elementor-element-8cebab6 e-flex e-con-boxed e-con e-parent\" data-id=\"8cebab6\" data-element_type=\"container\">\n\t\t\t\t\t<div class=\"e-con-inner\">\n\t\t\t\t<div class=\"elementor-element elementor-element-106963c thim-ekits-heading--tablettext-center elementor-widget-tablet__width-initial thim-ekits-heading-text-center elementor-widget thim-ekits-heading elementor-widget-thim-heading\" data-id=\"106963c\" data-element_type=\"widget\" data-widget_type=\"thim-heading.default\">\n\t\t\t\t<div class=\"elementor-widget-container\">\n\t\t\t\t\t<div class=\"sc_heading text-center\"><h2 class=\"title\">C\u01a1 c\u1ea5u T\u1ed5 ch\u1ee9c <\/h2><\/div>\t\t\t\t<\/div>\n\t\t\t\t<\/div>\n\t\t<div class=\"elementor-element elementor-element-da06cc9 e-flex e-con-boxed e-con e-child\" data-id=\"da06cc9\" data-element_type=\"container\">\n\t\t\t\t\t<div class=\"e-con-inner\">\n\t\t\t\t<div class=\"elementor-element elementor-element-3dccb1f elementor-widget__width-initial elementor-widget-mobile__width-inherit elementor-widget elementor-widget-thim-ekits-header-info\" data-id=\"3dccb1f\" data-element_type=\"widget\" data-widget_type=\"thim-ekits-header-info.default\">\n\t\t\t\t<div class=\"elementor-widget-container\">\n\t\t\t\t\t\t\t<div class=\"header-info-swapper\">\n\t\t\t<ul class=\"thim-header-info\">\n\t\t\t\t\t\t\t\t\t\t<li>\n\t\t\t\t\t\t\t\t\t\t\t\t\t\t<a href=\"#\">\n\t\t\t\t\t\t\t\t\t\t\t\t\t\t\t\t\t\t\t\t\t\t\t\t\t<span>\n\t\t\t\t\t\t\t\t\t<i aria-hidden=\"true\" class=\"tk tk-angle-right\"><\/i>\t\t\t\t\t\t\t\t<\/span>\n\t\t\t\t\t\t\t\t\n\t\t\t\t\t\t\t\tL\u00e3nh \u0111\u1ea1o Vi\u1ec7n\n\t\t\t\t\t\t\t\t\t\t\t\t\t\t\t<\/a>\n\t\t\t\t\t\t\t\t\t\t\t\t<\/li>\n\t\t\t\t\t\t\t\t\t<\/ul>\n\t\t<\/div>\n\t\t\t\t\t\t<\/div>\n\t\t\t\t<\/div>\n\t\t\t\t<div class=\"elementor-element elementor-element-542d8b6 elementor-widget__width-initial elementor-widget-mobile__width-inherit elementor-widget elementor-widget-thim-ekits-header-info\" data-id=\"542d8b6\" data-element_type=\"widget\" data-widget_type=\"thim-ekits-header-info.default\">\n\t\t\t\t<div class=\"elementor-widget-container\">\n\t\t\t\t\t\t\t<div class=\"header-info-swapper\">\n\t\t\t<ul class=\"thim-header-info\">\n\t\t\t\t\t\t\t\t\t\t<li>\n\t\t\t\t\t\t\t\t\t\t\t\t\t\t<a href=\"?page_id=12961\">\n\t\t\t\t\t\t\t\t\t\t\t\t\t\t\t\t\t\t\t\t\t\t\t\t\t<span>\n\t\t\t\t\t\t\t\t\t<i aria-hidden=\"true\" class=\"tk tk-angle-right\"><\/i>\t\t\t\t\t\t\t\t<\/span>\n\t\t\t\t\t\t\t\t\n\t\t\t\t\t\t\t\tPh\u00f2ng H\u00e0nh ch\u00ednh - T\u1ed5ng h\u1ee3p\n\t\t\t\t\t\t\t\t\t\t\t\t\t\t\t<\/a>\n\t\t\t\t\t\t\t\t\t\t\t\t<\/li>\n\t\t\t\t\t\t\t\t\t\t\t\t<li>\n\t\t\t\t\t\t\t\t\t\t\t\t\t\t\t\t\t\t\t\t\t\t\t\t<span>\n\t\t\t\t\t\t\t\t\t<i aria-hidden=\"true\" class=\"tk tk-angle-right\"><\/i>\t\t\t\t\t\t\t\t<\/span>\n\t\t\t\t\t\t\t\t\n\t\t\t\t\t\t\t\tBan C\u1ed1 v\u1ea5n v\u00e0 H\u1ed9i \u0111\u1ed3ng KH-\u0110T\n\t\t\t\t\t\t\t\t\t\t\t\t\t\t<\/li>\n\t\t\t\t\t\t\t\t\t<\/ul>\n\t\t<\/div>\n\t\t\t\t\t\t<\/div>\n\t\t\t\t<\/div>\n\t\t\t\t<div class=\"elementor-element elementor-element-06835cd elementor-widget__width-initial elementor-widget-mobile__width-inherit elementor-widget elementor-widget-thim-ekits-header-info\" data-id=\"06835cd\" data-element_type=\"widget\" data-widget_type=\"thim-ekits-header-info.default\">\n\t\t\t\t<div class=\"elementor-widget-container\">\n\t\t\t\t\t\t\t<div class=\"header-info-swapper\">\n\t\t\t<ul class=\"thim-header-info\">\n\t\t\t\t\t\t\t\t\t\t<li>\n\t\t\t\t\t\t\t\t\t\t\t\t\t\t<a href=\"?page_id=15872\">\n\t\t\t\t\t\t\t\t\t\t\t\t\t\t\t\t\t\t\t\t\t\t\t\t\t<span>\n\t\t\t\t\t\t\t\t\t<i aria-hidden=\"true\" class=\"tk tk-angle-right\"><\/i>\t\t\t\t\t\t\t\t<\/span>\n\t\t\t\t\t\t\t\t\n\t\t\t\t\t\t\t\tTrung t\u00e2m Nghi\u00ean c\u1ee9u KT-XH\n\t\t\t\t\t\t\t\t\t\t\t\t\t\t\t<\/a>\n\t\t\t\t\t\t\t\t\t\t\t\t<\/li>\n\t\t\t\t\t\t\t\t\t\t\t\t<li>\n\t\t\t\t\t\t\t\t\t\t\t\t\t\t<a href=\"?page_id=15880\">\n\t\t\t\t\t\t\t\t\t\t\t\t\t\t\t\t\t\t\t\t\t\t\t\t\t<span>\n\t\t\t\t\t\t\t\t\t<i aria-hidden=\"true\" class=\"tk tk-angle-right\"><\/i>\t\t\t\t\t\t\t\t<\/span>\n\t\t\t\t\t\t\t\t\n\t\t\t\t\t\t\t\tTrung t\u00e2m T\u00e0i nguy\u00ean v\u00e0 M\u00f4i tr\u01b0\u1eddng\n\t\t\t\t\t\t\t\t\t\t\t\t\t\t\t<\/a>\n\t\t\t\t\t\t\t\t\t\t\t\t<\/li>\n\t\t\t\t\t\t\t\t\t<\/ul>\n\t\t<\/div>\n\t\t\t\t\t\t<\/div>\n\t\t\t\t<\/div>\n\t\t\t\t\t<\/div>\n\t\t\t\t<\/div>\n\t\t\t\t\t<\/div>\n\t\t\t\t<\/div>\n\t\t\t\t<\/div>\n\t\t","protected":false},"excerpt":{"rendered":"<p>T\u00ean ti\u1ebfng Vi\u1ec7t: Vi\u1ec7n Nghi\u00ean c\u1ee9u ph\u00e1t tri\u1ec3n Kinh t\u1ebf- X\u00e3 h\u1ed9i &#8211; \u0110\u1ea1i h\u1ecdc Hu\u1ebf T\u00ean ti\u1ebfng Anh: Institute for Socio-Economic Development Research &#8211; Hue University (T\u00ean vi\u1ebft t\u1eaft: ISER-HU) \u0110\u1ecba ch\u1ec9 \u0111\u0103ng k\u00fd: s\u1ed1 01 \u0110i\u1ec7n Bi\u00ean Ph\u1ee7, &hellip; <\/p>\n","protected":false},"author":1,"featured_media":0,"parent":0,"menu_order":0,"comment_status":"closed","ping_status":"closed","template":"","meta":{"footnotes":""},"class_list":["post-12930","page","type-page","status-publish","hentry"],"_links":{"self":[{"href":"https:\/\/iser.hueuni.edu.vn\/index.php?rest_route=\/wp\/v2\/pages\/12930","targetHints":{"allow":["GET"]}}],"collection":[{"href":"https:\/\/iser.hueuni.edu.vn\/index.php?rest_route=\/wp\/v2\/pages"}],"about":[{"href":"https:\/\/iser.hueuni.edu.vn\/index.php?rest_route=\/wp\/v2\/types\/page"}],"author":[{"embeddable":true,"href":"https:\/\/iser.hueuni.edu.vn\/index.php?rest_route=\/wp\/v2\/users\/1"}],"replies":[{"embeddable":true,"href":"https:\/\/iser.hueuni.edu.vn\/index.php?rest_route=%2Fwp%2Fv2%2Fcomments&post=12930"}],"version-history":[{"count":30,"href":"https:\/\/iser.hueuni.edu.vn\/index.php?rest_route=\/wp\/v2\/pages\/12930\/revisions"}],"predecessor-version":[{"id":15890,"href":"https:\/\/iser.hueuni.edu.vn\/index.php?rest_route=\/wp\/v2\/pages\/12930\/revisions\/15890"}],"wp:attachment":[{"href":"https:\/\/iser.hueuni.edu.vn\/index.php?rest_route=%2Fwp%2Fv2%2Fmedia&parent=12930"}],"curies":[{"name":"wp","href":"https:\/\/api.w.org\/{rel}","templated":true}]}}