{"id":125,"date":"2015-10-23T07:47:25","date_gmt":"2015-10-23T07:47:25","guid":{"rendered":"http:\/\/demo.thimpress.com\/eduma\/?page_id=125"},"modified":"2024-12-18T10:37:33","modified_gmt":"2024-12-18T03:37:33","slug":"blog","status":"publish","type":"page","link":"https:\/\/iser.hueuni.edu.vn\/?page_id=125","title":{"rendered":"Tin t\u1ee9c"},"content":{"rendered":"\t\t<div data-elementor-type=\"wp-page\" data-elementor-id=\"125\" class=\"elementor elementor-125\">\n\t\t\t\t<div class=\"elementor-element elementor-element-6faa7392 e-flex e-con-boxed e-con e-parent\" data-id=\"6faa7392\" data-element_type=\"container\">\n\t\t\t\t\t<div class=\"e-con-inner\">\n\t\t\t\t<div class=\"elementor-element elementor-element-369d2662 elementor-widget elementor-widget-text-editor\" data-id=\"369d2662\" data-element_type=\"widget\" data-widget_type=\"text-editor.default\">\n\t\t\t\t<div class=\"elementor-widget-container\"><div class=\"wp-block-query is-layout-flow wp-block-query-is-layout-flow\"><ul class=\"wp-block-post-template is-layout-flow wp-block-post-template-is-layout-flow\"><li class=\"wp-block-post post-16069 post type-post status-publish format-standard has-post-thumbnail hentry category-news-en\"><div class=\"wp-block-columns alignwide is-layout-flex wp-container-core-columns-is-layout-4 wp-block-columns-is-layout-flex\"><div class=\"wp-block-column is-layout-flow wp-block-column-is-layout-flow\" style=\"flex-basis:66.66%\"><figure class=\"wp-block-post-featured-image\"><a href=\"https:\/\/iser.hueuni.edu.vn\/?p=16069&lang=en\" target=\"_self\"  ><img fetchpriority=\"high\" decoding=\"async\" width=\"1821\" height=\"1026\" src=\"https:\/\/iser.hueuni.edu.vn\/wp-content\/uploads\/2026\/04\/Anh1.png\" class=\"attachment-post-thumbnail size-post-thumbnail wp-post-image\" alt=\"The closing workshop of FORSU project\" style=\"object-fit:cover;\" srcset=\"https:\/\/iser.hueuni.edu.vn\/wp-content\/uploads\/2026\/04\/Anh1.png 1821w, https:\/\/iser.hueuni.edu.vn\/wp-content\/uploads\/2026\/04\/Anh1-300x169.png 300w, https:\/\/iser.hueuni.edu.vn\/wp-content\/uploads\/2026\/04\/Anh1-1024x577.png 1024w, https:\/\/iser.hueuni.edu.vn\/wp-content\/uploads\/2026\/04\/Anh1-768x433.png 768w, https:\/\/iser.hueuni.edu.vn\/wp-content\/uploads\/2026\/04\/Anh1-1536x865.png 1536w, https:\/\/iser.hueuni.edu.vn\/wp-content\/uploads\/2026\/04\/Anh1-600x338.png 600w\" sizes=\"(max-width: 1821px) 100vw, 1821px\" \/><\/a><\/figure><\/div>\n\n<div class=\"wp-block-column is-layout-flow wp-block-column-is-layout-flow\" style=\"flex-basis:33.33%\"><h2 class=\"wp-block-post-title\"><a href=\"https:\/\/iser.hueuni.edu.vn\/?p=16069&#038;lang=en\" target=\"_self\" >The closing workshop of FORSU project<\/a><\/h2>\n\n<div class=\"wp-block-post-excerpt\"><p class=\"wp-block-post-excerpt__excerpt\">The three-year project titled \u201cHigher Education Cooperation for Forest Landscape Restoration and Sustainable Livelihoods in Bangladesh and Vietnam (FORSU)\u201d funded by the Erasmus+ Programme of the European Union (CBHE Strand 2), successfully concluded the closing workshop at Thai Nguyen University &hellip; <\/p><\/div><\/div><\/div><\/li><li class=\"wp-block-post post-16049 post type-post status-publish format-standard has-post-thumbnail hentry category-news\"><div class=\"wp-block-columns alignwide is-layout-flex wp-container-core-columns-is-layout-5 wp-block-columns-is-layout-flex\"><div class=\"wp-block-column is-layout-flow wp-block-column-is-layout-flow\" style=\"flex-basis:66.66%\"><figure class=\"wp-block-post-featured-image\"><a href=\"https:\/\/iser.hueuni.edu.vn\/?p=16049\" target=\"_self\"  ><img decoding=\"async\" width=\"1821\" height=\"1026\" src=\"https:\/\/iser.hueuni.edu.vn\/wp-content\/uploads\/2026\/04\/Anh1.png\" class=\"attachment-post-thumbnail size-post-thumbnail wp-post-image\" alt=\"H\u1ed9i th\u1ea3o t\u1ed5ng k\u1ebft d\u1ef1 \u00e1n FORSU\" style=\"object-fit:cover;\" srcset=\"https:\/\/iser.hueuni.edu.vn\/wp-content\/uploads\/2026\/04\/Anh1.png 1821w, https:\/\/iser.hueuni.edu.vn\/wp-content\/uploads\/2026\/04\/Anh1-300x169.png 300w, https:\/\/iser.hueuni.edu.vn\/wp-content\/uploads\/2026\/04\/Anh1-1024x577.png 1024w, https:\/\/iser.hueuni.edu.vn\/wp-content\/uploads\/2026\/04\/Anh1-768x433.png 768w, https:\/\/iser.hueuni.edu.vn\/wp-content\/uploads\/2026\/04\/Anh1-1536x865.png 1536w, https:\/\/iser.hueuni.edu.vn\/wp-content\/uploads\/2026\/04\/Anh1-600x338.png 600w\" sizes=\"(max-width: 1821px) 100vw, 1821px\" \/><\/a><\/figure><\/div>\n\n<div class=\"wp-block-column is-layout-flow wp-block-column-is-layout-flow\" style=\"flex-basis:33.33%\"><h2 class=\"wp-block-post-title\"><a href=\"https:\/\/iser.hueuni.edu.vn\/?p=16049\" target=\"_self\" >H\u1ed9i th\u1ea3o t\u1ed5ng k\u1ebft d\u1ef1 \u00e1n FORSU<\/a><\/h2>\n\n<div class=\"wp-block-post-excerpt\"><p class=\"wp-block-post-excerpt__excerpt\">D\u1ef1 \u00e1n \u201cH\u1ee3p t\u00e1c Gi\u00e1o d\u1ee5c \u0110\u1ea1i h\u1ecdc nh\u1eb1m kh\u00f4i ph\u1ee5c c\u1ea3nh quan r\u1eebng v\u00e0 sinh k\u1ebf b\u1ec1n v\u1eefng \u1edf Bangladesh v\u00e0 Vi\u1ec7t Nam (FORSU) \u0111\u01b0\u1ee3c th\u1ef1c hi\u1ec7n trong 2 n\u0103m v\u00e0 \u0111\u01b0\u1ee3c t\u00e0i tr\u1ee3 b\u1edfi Ch\u01b0\u01a1ng tr\u00ecnh Erasmus+ c\u1ee7a &hellip; <\/p><\/div><\/div><\/div><\/li><li class=\"wp-block-post post-15399 post type-post status-publish format-standard has-post-thumbnail hentry category-news tag-community\"><div class=\"wp-block-columns alignwide is-layout-flex wp-container-core-columns-is-layout-6 wp-block-columns-is-layout-flex\"><div class=\"wp-block-column is-layout-flow wp-block-column-is-layout-flow\" style=\"flex-basis:66.66%\"><figure class=\"wp-block-post-featured-image\"><a href=\"https:\/\/iser.hueuni.edu.vn\/?p=15399\" target=\"_self\"  ><img decoding=\"async\" width=\"665\" height=\"384\" src=\"https:\/\/iser.hueuni.edu.vn\/wp-content\/uploads\/2024\/12\/tuoitietkiem-1.jpg\" class=\"attachment-post-thumbnail size-post-thumbnail wp-post-image\" alt=\"Ceminar \u201cK\u1ef9 thu\u1eadt t\u01b0\u1edbi n\u01b0\u1edbc ti\u1ebft ki\u1ec7m (AWD) gi\u1ea3m ph\u00e1t th\u1ea3i kh\u00ed nh\u00e0 k\u00ednh trong s\u1ea3n xu\u1ea5t l\u00faa\u201d.\" style=\"object-fit:cover;\" srcset=\"https:\/\/iser.hueuni.edu.vn\/wp-content\/uploads\/2024\/12\/tuoitietkiem-1.jpg 665w, https:\/\/iser.hueuni.edu.vn\/wp-content\/uploads\/2024\/12\/tuoitietkiem-1-300x173.jpg 300w, https:\/\/iser.hueuni.edu.vn\/wp-content\/uploads\/2024\/12\/tuoitietkiem-1-600x346.jpg 600w\" sizes=\"(max-width: 665px) 100vw, 665px\" \/><\/a><\/figure><\/div>\n\n<div class=\"wp-block-column is-layout-flow wp-block-column-is-layout-flow\" style=\"flex-basis:33.33%\"><h2 class=\"wp-block-post-title\"><a href=\"https:\/\/iser.hueuni.edu.vn\/?p=15399\" target=\"_self\" >Ceminar \u201cK\u1ef9 thu\u1eadt t\u01b0\u1edbi n\u01b0\u1edbc ti\u1ebft ki\u1ec7m (AWD) gi\u1ea3m ph\u00e1t th\u1ea3i kh\u00ed nh\u00e0 k\u00ednh trong s\u1ea3n xu\u1ea5t l\u00faa\u201d.<\/a><\/h2>\n\n<div class=\"wp-block-post-excerpt\"><p class=\"wp-block-post-excerpt__excerpt\">V\u00e0o l\u00fac 14h ng\u00e0y 19 th\u00e1ng 12 n\u0103m 2024, GS.TS. Tr\u1ea7n \u0110\u0103ng H\u00f2a \u2013 Tr\u01b0\u1eddng \u0110\u1ea1i h\u1ecdc N\u00f4ng L\u00e2m \u2013 \u0110\u1ea1i h\u1ecdc Hu\u1ebf \u0111\u00e3 c\u00f3 bu\u1ed5i chia s\u1ebb h\u1ecdc thu\u1eadt v\u1edbi to\u00e0n th\u1ec3 c\u00e1n b\u1ed9 Vi\u1ec7n Nghi\u00ean c\u1ee9u Ph\u00e1t tri\u1ec3n &hellip; <\/p><\/div><\/div><\/div><\/li><\/ul><\/div><\/div>\n\t\t\t\t<\/div>\n\t\t\t\t\t<\/div>\n\t\t\t\t<\/div>\n\t\t<div class=\"elementor-element elementor-element-d326477 e-flex e-con-boxed e-con e-parent\" data-id=\"d326477\" data-element_type=\"container\">\n\t\t\t\t\t<div class=\"e-con-inner\">\n\t\t<div class=\"elementor-element elementor-element-fba1288 e-con-full e-flex e-con e-child\" data-id=\"fba1288\" data-element_type=\"container\">\n\t\t\t\t<div class=\"elementor-element elementor-element-2c5459b elementor-widget elementor-widget-thim-ekits-categories\" data-id=\"2c5459b\" data-element_type=\"widget\" data-widget_type=\"thim-ekits-categories.default\">\n\t\t\t\t<div class=\"elementor-widget-container\">\n\t\t\t\t\t\n\t\t<div class=\"thim-categories-wrapper\">\n\t\t\t<ul class=\"thim-categories-nav\">\n\t\t\t\t\t\t\t\t\t<li class=\"thim-categories-items\">\n\t\t\t\t\t\t\t\t\t\t\t\t\t<a href=\"https:\/\/iser.hueuni.edu.vn\/?cat=151&#038;lang=en\"> News <\/a>\n\t\t\t\t\t\t\t\n\t\t\t\t\t\t\n\t\t\t\t\t<\/li>\n\t\t\t\t\t\t\t\t\t<li class=\"thim-categories-items\">\n\t\t\t\t\t\t\t\t\t\t\t\t\t<a href=\"https:\/\/iser.hueuni.edu.vn\/?cat=1\"> Tin t\u1ee9c <\/a>\n\t\t\t\t\t\t\t\n\t\t\t\t\t\t\n\t\t\t\t\t<\/li>\n\t\t\t\t\t\t\t<\/ul>\n\t\t<\/div>\n\n\t\t\t\t\t\t<\/div>\n\t\t\t\t<\/div>\n\t\t\t\t<\/div>\n\t\t<div class=\"elementor-element elementor-element-0e13ae4 e-con-full e-flex e-con e-child\" data-id=\"0e13ae4\" data-element_type=\"container\">\n\t\t\t\t<div class=\"elementor-element elementor-element-6a2039b elementor-widget thim-widget-list-post\" data-id=\"6a2039b\" data-element_type=\"widget\" data-widget_type=\"thim-list-post.default\">\n\t\t\t\t<div class=\"elementor-widget-container\">\n\t\t\t\t\t<h3 class=\"widget-title\">From Blog<\/h3><div class=\"sc-list-post thim-list-posts thim-owl-carousel-post row homepage\" >\n<div class=\"item-post col-sm-3 has_thumb post-1 post type-post status-publish format-standard has-post-thumbnail hentry category-news tag-news\">\n\t<div class=\"article-image image\"><a href=\"https:\/\/iser.hueuni.edu.vn\/?p=1\"><img loading=\"lazy\" decoding=\"async\" width=\"150\" height=\"150\" src=\"https:\/\/iser.hueuni.edu.vn\/wp-content\/uploads\/2024\/12\/20240904_161639_5439d48c0bb7ace9f5a6-150x150.jpg\" class=\"attachment-thumbnail size-thumbnail wp-post-image\" alt=\"\" srcset=\"https:\/\/iser.hueuni.edu.vn\/wp-content\/uploads\/2024\/12\/20240904_161639_5439d48c0bb7ace9f5a6-150x150.jpg 150w, https:\/\/iser.hueuni.edu.vn\/wp-content\/uploads\/2024\/12\/20240904_161639_5439d48c0bb7ace9f5a6-300x300.jpg 300w, https:\/\/iser.hueuni.edu.vn\/wp-content\/uploads\/2024\/12\/20240904_161639_5439d48c0bb7ace9f5a6-100x100.jpg 100w, https:\/\/iser.hueuni.edu.vn\/wp-content\/uploads\/2024\/12\/20240904_161639_5439d48c0bb7ace9f5a6-600x598.jpg 600w\" sizes=\"(max-width: 150px) 100vw, 150px\" \/><\/a><\/div><div class=\"content\"><div class=\"info\">\n\t\t\t\t\t\t<div class=\"author\"><span>iser_admin<\/span><\/div>\n\t\t\t\t\t\t<div class=\"date\">August 30, 2024<\/div>\n\t\t\t\t\t<\/div><h4 class=\"title\"><a href=\"https:\/\/iser.hueuni.edu.vn\/?p=1\">Gi\u00e1m \u0111\u1ed1c \u0110\u1ea1i h\u1ecdc Hu\u1ebf l\u00e0m vi\u1ec7c v\u1edbi \u0110\u1ea1i h\u1ecdc Helsinki, Ph\u1ea7n Lan<\/a><\/h4><a class=\"read-more list-post-read-more-homepage\" href=\"https:\/\/iser.hueuni.edu.vn\/?p=1\">Read More<\/a><\/div><\/div>\n<div class=\"item-post col-sm-3 has_thumb post-15348 post type-post status-publish format-standard has-post-thumbnail hentry category-news tag-ceminar\">\n\t<div class=\"article-image image\"><a href=\"https:\/\/iser.hueuni.edu.vn\/?p=15348\"><img loading=\"lazy\" decoding=\"async\" width=\"150\" height=\"150\" src=\"https:\/\/iser.hueuni.edu.vn\/wp-content\/uploads\/2023\/12\/Picture2-150x150.jpg\" class=\"attachment-thumbnail size-thumbnail wp-post-image\" alt=\"\" srcset=\"https:\/\/iser.hueuni.edu.vn\/wp-content\/uploads\/2023\/12\/Picture2-150x150.jpg 150w, https:\/\/iser.hueuni.edu.vn\/wp-content\/uploads\/2023\/12\/Picture2-100x100.jpg 100w\" sizes=\"(max-width: 150px) 100vw, 150px\" \/><\/a><\/div><div class=\"content\"><div class=\"info\">\n\t\t\t\t\t\t<div class=\"author\"><span>iser_admin<\/span><\/div>\n\t\t\t\t\t\t<div class=\"date\">December 18, 2024<\/div>\n\t\t\t\t\t<\/div><h4 class=\"title\"><a href=\"https:\/\/iser.hueuni.edu.vn\/?p=15348\">Seminar \u201c\u0110\u00e1nh gi\u00e1, l\u1ef1a ch\u1ecdn \u0110\u1ec1 xu\u1ea5t nhi\u1ec7m v\u1ee5 khoa h\u1ecdc v\u00e0 c\u00f4ng ngh\u1ec7 c\u1ea5p t\u1ec9nh\u201d<\/a><\/h4><a class=\"read-more list-post-read-more-homepage\" href=\"https:\/\/iser.hueuni.edu.vn\/?p=15348\">Read More<\/a><\/div><\/div>\n<div class=\"item-post col-sm-3 has_thumb post-15399 post type-post status-publish format-standard has-post-thumbnail hentry category-news tag-community\">\n\t<div class=\"article-image image\"><a href=\"https:\/\/iser.hueuni.edu.vn\/?p=15399\"><img loading=\"lazy\" decoding=\"async\" width=\"150\" height=\"150\" src=\"https:\/\/iser.hueuni.edu.vn\/wp-content\/uploads\/2024\/12\/tuoitietkiem-1-150x150.jpg\" class=\"attachment-thumbnail size-thumbnail wp-post-image\" alt=\"\" srcset=\"https:\/\/iser.hueuni.edu.vn\/wp-content\/uploads\/2024\/12\/tuoitietkiem-1-150x150.jpg 150w, https:\/\/iser.hueuni.edu.vn\/wp-content\/uploads\/2024\/12\/tuoitietkiem-1-300x300.jpg 300w, https:\/\/iser.hueuni.edu.vn\/wp-content\/uploads\/2024\/12\/tuoitietkiem-1-100x100.jpg 100w\" sizes=\"(max-width: 150px) 100vw, 150px\" \/><\/a><\/div><div class=\"content\"><div class=\"info\">\n\t\t\t\t\t\t<div class=\"author\"><span>iser_admin<\/span><\/div>\n\t\t\t\t\t\t<div class=\"date\">December 19, 2024<\/div>\n\t\t\t\t\t<\/div><h4 class=\"title\"><a href=\"https:\/\/iser.hueuni.edu.vn\/?p=15399\">Ceminar \u201cK\u1ef9 thu\u1eadt t\u01b0\u1edbi n\u01b0\u1edbc ti\u1ebft ki\u1ec7m (AWD) gi\u1ea3m ph\u00e1t th\u1ea3i kh\u00ed nh\u00e0 k\u00ednh trong s\u1ea3n xu\u1ea5t l\u00faa\u201d.<\/a><\/h4><a class=\"read-more list-post-read-more-homepage\" href=\"https:\/\/iser.hueuni.edu.vn\/?p=15399\">Read More<\/a><\/div><\/div>\n<div class=\"item-post col-sm-3 has_thumb post-16049 post type-post status-publish format-standard has-post-thumbnail hentry category-news\">\n\t<div class=\"article-image image\"><a href=\"https:\/\/iser.hueuni.edu.vn\/?p=16049\"><img loading=\"lazy\" decoding=\"async\" width=\"150\" height=\"150\" src=\"https:\/\/iser.hueuni.edu.vn\/wp-content\/uploads\/2026\/04\/Anh1-150x150.png\" class=\"attachment-thumbnail size-thumbnail wp-post-image\" alt=\"\" srcset=\"https:\/\/iser.hueuni.edu.vn\/wp-content\/uploads\/2026\/04\/Anh1-150x150.png 150w, https:\/\/iser.hueuni.edu.vn\/wp-content\/uploads\/2026\/04\/Anh1-300x300.png 300w, https:\/\/iser.hueuni.edu.vn\/wp-content\/uploads\/2026\/04\/Anh1-100x100.png 100w\" sizes=\"(max-width: 150px) 100vw, 150px\" \/><\/a><\/div><div class=\"content\"><div class=\"info\">\n\t\t\t\t\t\t<div class=\"author\"><span>iser_admin<\/span><\/div>\n\t\t\t\t\t\t<div class=\"date\">April 7, 2026<\/div>\n\t\t\t\t\t<\/div><h4 class=\"title\"><a href=\"https:\/\/iser.hueuni.edu.vn\/?p=16049\">H\u1ed9i th\u1ea3o t\u1ed5ng k\u1ebft d\u1ef1 \u00e1n FORSU<\/a><\/h4><a class=\"read-more list-post-read-more-homepage\" href=\"https:\/\/iser.hueuni.edu.vn\/?p=16049\">Read More<\/a><\/div><\/div><\/div>\t\t\t\t<\/div>\n\t\t\t\t<\/div>\n\t\t\t\t<\/div>\n\t\t\t\t\t<\/div>\n\t\t\t\t<\/div>\t\t<\/div>\n\t\t","protected":false},"excerpt":{"rendered":"<p>Tin t\u1ee9c From Blog iser_admin October 18, 2021 Hackers harass children in online classrooms Read More iser_admin October 18, 2021 Becoming a better designer Read More iser_admin January 20, 2022 Tips to Succeed in an Online Course Read More iser_admin &hellip; <\/p>\n","protected":false},"author":1,"featured_media":0,"parent":0,"menu_order":0,"comment_status":"closed","ping_status":"closed","template":"","meta":{"footnotes":""},"class_list":["post-125","page","type-page","status-publish","hentry"],"_links":{"self":[{"href":"https:\/\/iser.hueuni.edu.vn\/index.php?rest_route=\/wp\/v2\/pages\/125","targetHints":{"allow":["GET"]}}],"collection":[{"href":"https:\/\/iser.hueuni.edu.vn\/index.php?rest_route=\/wp\/v2\/pages"}],"about":[{"href":"https:\/\/iser.hueuni.edu.vn\/index.php?rest_route=\/wp\/v2\/types\/page"}],"author":[{"embeddable":true,"href":"https:\/\/iser.hueuni.edu.vn\/index.php?rest_route=\/wp\/v2\/users\/1"}],"replies":[{"embeddable":true,"href":"https:\/\/iser.hueuni.edu.vn\/index.php?rest_route=%2Fwp%2Fv2%2Fcomments&post=125"}],"version-history":[{"count":6,"href":"https:\/\/iser.hueuni.edu.vn\/index.php?rest_route=\/wp\/v2\/pages\/125\/revisions"}],"predecessor-version":[{"id":15710,"href":"https:\/\/iser.hueuni.edu.vn\/index.php?rest_route=\/wp\/v2\/pages\/125\/revisions\/15710"}],"wp:attachment":[{"href":"https:\/\/iser.hueuni.edu.vn\/index.php?rest_route=%2Fwp%2Fv2%2Fmedia&parent=125"}],"curies":[{"name":"wp","href":"https:\/\/api.w.org\/{rel}","templated":true}]}}